{"id":1155,"date":"2022-07-18T20:30:43","date_gmt":"2022-07-18T20:30:43","guid":{"rendered":"https:\/\/kubu-wellness.com\/?page_id=1155"},"modified":"2022-09-11T14:08:07","modified_gmt":"2022-09-11T14:08:07","slug":"gotowe-konfiguracje-gfk","status":"publish","type":"page","link":"https:\/\/kubu-wellness.com\/de\/gotowe-konfiguracje-gfk\/","title":{"rendered":"Gotowe konfiguracje GFK"},"content":{"rendered":"<div data-elementor-type=\"wp-page\" data-elementor-id=\"1155\" class=\"elementor elementor-1155\">\n\t\t\t\t\t\t\t\t\t<section class=\"elementor-section elementor-top-section elementor-element elementor-element-bbf5f20 elementor-section-boxed elementor-section-height-default elementor-section-height-default\" data-id=\"bbf5f20\" data-element_type=\"section\">\n\t\t\t\t\t\t<div class=\"elementor-container elementor-column-gap-default\">\n\t\t\t\t\t<div class=\"elementor-column elementor-col-100 elementor-top-column elementor-element elementor-element-d852533\" data-id=\"d852533\" data-element_type=\"column\">\n\t\t\t<div class=\"elementor-widget-wrap elementor-element-populated\">\n\t\t\t\t\t\t\t\t<div class=\"elementor-element elementor-element-5106d66 elementor-widget elementor-widget-heading\" data-id=\"5106d66\" data-element_type=\"widget\" data-widget_type=\"heading.default\">\n\t\t\t\t<div class=\"elementor-widget-container\">\n\t\t\t<style>\/*! elementor - v3.6.5 - 27-04-2022 *\/\n.elementor-heading-title{padding:0;margin:0;line-height:1}.elementor-widget-heading .elementor-heading-title[class*=elementor-size-]>a{color:inherit;font-size:inherit;line-height:inherit}.elementor-widget-heading .elementor-heading-title.elementor-size-small{font-size:15px}.elementor-widget-heading .elementor-heading-title.elementor-size-medium{font-size:19px}.elementor-widget-heading .elementor-heading-title.elementor-size-large{font-size:29px}.elementor-widget-heading .elementor-heading-title.elementor-size-xl{font-size:39px}.elementor-widget-heading .elementor-heading-title.elementor-size-xxl{font-size:59px}<\/style><h2 class=\"elementor-heading-title elementor-size-default\">Badezuber mit GFK-Wannen - fertige Konfigurationen<\/h2>\t\t<\/div>\n\t\t\t\t<\/div>\n\t\t\t\t\t<\/div>\n\t\t<\/div>\n\t\t\t\t\t\t\t<\/div>\n\t\t<\/section>\n\t\t\t\t<section class=\"elementor-section elementor-top-section elementor-element elementor-element-e39d98d elementor-section-boxed elementor-section-height-default elementor-section-height-default\" data-id=\"e39d98d\" data-element_type=\"section\">\n\t\t\t\t\t\t<div class=\"elementor-container elementor-column-gap-default\">\n\t\t\t\t\t<div class=\"elementor-column elementor-col-100 elementor-top-column elementor-element elementor-element-ac5d8a3\" data-id=\"ac5d8a3\" data-element_type=\"column\">\n\t\t\t<div class=\"elementor-widget-wrap elementor-element-populated\">\n\t\t\t\t\t\t\t\t<div class=\"elementor-element elementor-element-665a63f elementor-widget elementor-widget-obfx-posts-grid\" data-id=\"665a63f\" data-element_type=\"widget\" data-widget_type=\"obfx-posts-grid.default\">\n\t\t\t\t<div class=\"elementor-widget-container\">\n\t\t\t<div class=\"obfx-grid\"><div class=\"obfx-grid-container obfx-grid-desktop-3\"><\/div><!-- .obfx-grid-container --><\/div><!-- .obfx-grid -->\t\t<\/div>\n\t\t\t\t<\/div>\n\t\t\t\t\t<\/div>\n\t\t<\/div>\n\t\t\t\t\t\t\t<\/div>\n\t\t<\/section>\n\t\t\t\t\t\t\t<\/div>","protected":false},"excerpt":{"rendered":"<p>Balie GFK &#8211; gotowe konfiguracje Balia GFK z piecem zewn\u0119trznym 14,145&nbsp;&#122;&#322; Dodaj do koszyka Balia GFK z piecem zintegrowanym 14,145&nbsp;&#122;&#322; Dodaj do koszyka<\/p>","protected":false},"author":3,"featured_media":0,"parent":0,"menu_order":0,"comment_status":"closed","ping_status":"closed","template":"page-templates\/template-pagebuilder-full-width.php","meta":{"neve_meta_sidebar":"","neve_meta_container":"","neve_meta_enable_content_width":"","neve_meta_content_width":0,"neve_meta_title_alignment":"","neve_meta_author_avatar":"","neve_post_elements_order":"","neve_meta_disable_header":"","neve_meta_disable_footer":"","neve_meta_disable_title":"","neve_meta_reading_time":"","_ti_tpc_template_sync":false,"_ti_tpc_template_id":""},"yoast_head":"<!-- This site is optimized with the Yoast SEO plugin v19.10 - https:\/\/yoast.com\/wordpress\/plugins\/seo\/ -->\n<title>Gotowe konfiguracje GFK - KUBU WELLNESS COMPANY - BALIE I SAUNY W TWOIM OGRODZIE - SKONFIGURUJ I ZAM\u00d3W<\/title>\n<meta name=\"robots\" content=\"index, follow, max-snippet:-1, max-image-preview:large, max-video-preview:-1\" \/>\n<link rel=\"canonical\" href=\"https:\/\/kubu-wellness.com\/de\/gotowe-konfiguracje-gfk\/\" \/>\n<meta property=\"og:locale\" content=\"de_DE\" \/>\n<meta property=\"og:type\" content=\"article\" \/>\n<meta property=\"og:title\" content=\"Gotowe konfiguracje GFK - KUBU WELLNESS COMPANY - BALIE I SAUNY W TWOIM OGRODZIE - SKONFIGURUJ I ZAM\u00d3W\" \/>\n<meta property=\"og:description\" content=\"Balie GFK &#8211; gotowe konfiguracje Balia GFK z piecem zewn\u0119trznym 14,145&nbsp;&#122;&#322; Dodaj do koszyka Balia GFK z piecem zintegrowanym 14,145&nbsp;&#122;&#322; Dodaj do koszyka\" \/>\n<meta property=\"og:url\" content=\"https:\/\/kubu-wellness.com\/de\/gotowe-konfiguracje-gfk\/\" \/>\n<meta property=\"og:site_name\" content=\"KUBU WELLNESS COMPANY - BALIE I SAUNY W TWOIM OGRODZIE - SKONFIGURUJ I ZAM\u00d3W\" \/>\n<meta property=\"article:modified_time\" content=\"2022-09-11T14:08:07+00:00\" \/>\n<meta property=\"og:image\" content=\"https:\/\/kubu-wellness.com\/wp-content\/uploads\/2022\/08\/WhatsApp-Image-2022-04-04-at-09.29.04.jpeg\" \/>\n<meta name=\"twitter:card\" content=\"summary_large_image\" \/>\n<script type=\"application\/ld+json\" class=\"yoast-schema-graph\">{\"@context\":\"https:\/\/schema.org\",\"@graph\":[{\"@type\":\"WebPage\",\"@id\":\"https:\/\/kubu-wellness.com\/gotowe-konfiguracje-gfk\/\",\"url\":\"https:\/\/kubu-wellness.com\/gotowe-konfiguracje-gfk\/\",\"name\":\"Gotowe konfiguracje GFK - KUBU WELLNESS COMPANY - BALIE I SAUNY W TWOIM OGRODZIE - SKONFIGURUJ I ZAM\u00d3W\",\"isPartOf\":{\"@id\":\"https:\/\/kubu-wellness.com\/#website\"},\"datePublished\":\"2022-07-18T20:30:43+00:00\",\"dateModified\":\"2022-09-11T14:08:07+00:00\",\"breadcrumb\":{\"@id\":\"https:\/\/kubu-wellness.com\/gotowe-konfiguracje-gfk\/#breadcrumb\"},\"inLanguage\":\"de-DE\",\"potentialAction\":[{\"@type\":\"ReadAction\",\"target\":[\"https:\/\/kubu-wellness.com\/gotowe-konfiguracje-gfk\/\"]}]},{\"@type\":\"BreadcrumbList\",\"@id\":\"https:\/\/kubu-wellness.com\/gotowe-konfiguracje-gfk\/#breadcrumb\",\"itemListElement\":[{\"@type\":\"ListItem\",\"position\":1,\"name\":\"Strona g\u0142\u00f3wna\",\"item\":\"https:\/\/kubu-wellness.com\/\"},{\"@type\":\"ListItem\",\"position\":2,\"name\":\"Gotowe konfiguracje GFK\"}]},{\"@type\":\"WebSite\",\"@id\":\"https:\/\/kubu-wellness.com\/#website\",\"url\":\"https:\/\/kubu-wellness.com\/\",\"name\":\"KUBU WELLNESS COMPANY - BALIE I SAUNY W TWOIM OGRODZIE - SKONFIGURUJ I ZAM\u00d3W\",\"description\":\"Podaruj sobie odrobin\u0119 relaksu - balia i sauna ogrodowa - Twoje w\u0142asne SPA. Sprawd\u017a, skonfiguruj, i zam\u00f3w!\",\"publisher\":{\"@id\":\"https:\/\/kubu-wellness.com\/#organization\"},\"potentialAction\":[{\"@type\":\"SearchAction\",\"target\":{\"@type\":\"EntryPoint\",\"urlTemplate\":\"https:\/\/kubu-wellness.com\/?s={search_term_string}\"},\"query-input\":\"required name=search_term_string\"}],\"inLanguage\":\"de-DE\"},{\"@type\":\"Organization\",\"@id\":\"https:\/\/kubu-wellness.com\/#organization\",\"name\":\"KUBU WELLNESS COMPANY - BALIE I SAUNY W TWOIM OGRODZIE - SKONFIGURUJ I ZAM\u00d3W\",\"url\":\"https:\/\/kubu-wellness.com\/\",\"logo\":{\"@type\":\"ImageObject\",\"inLanguage\":\"de-DE\",\"@id\":\"https:\/\/kubu-wellness.com\/#\/schema\/logo\/image\/\",\"url\":\"https:\/\/kubu-wellness.com\/wp-content\/uploads\/2020\/05\/cropped-pharmacy-logo.png\",\"contentUrl\":\"https:\/\/kubu-wellness.com\/wp-content\/uploads\/2020\/05\/cropped-pharmacy-logo.png\",\"width\":325,\"height\":82,\"caption\":\"KUBU WELLNESS COMPANY - BALIE I SAUNY W TWOIM OGRODZIE - SKONFIGURUJ I ZAM\u00d3W\"},\"image\":{\"@id\":\"https:\/\/kubu-wellness.com\/#\/schema\/logo\/image\/\"}}]}<\/script>\n<!-- \/ Yoast SEO plugin. -->","yoast_head_json":{"title":"Gotowe konfiguracje GFK - KUBU WELLNESS COMPANY - BALIE I SAUNY W TWOIM OGRODZIE - SKONFIGURUJ I ZAM\u00d3W","robots":{"index":"index","follow":"follow","max-snippet":"max-snippet:-1","max-image-preview":"max-image-preview:large","max-video-preview":"max-video-preview:-1"},"canonical":"https:\/\/kubu-wellness.com\/de\/gotowe-konfiguracje-gfk\/","og_locale":"de_DE","og_type":"article","og_title":"Gotowe konfiguracje GFK - KUBU WELLNESS COMPANY - BALIE I SAUNY W TWOIM OGRODZIE - SKONFIGURUJ I ZAM\u00d3W","og_description":"Balie GFK &#8211; gotowe konfiguracje Balia GFK z piecem zewn\u0119trznym 14,145&nbsp;&#122;&#322; Dodaj do koszyka Balia GFK z piecem zintegrowanym 14,145&nbsp;&#122;&#322; Dodaj do koszyka","og_url":"https:\/\/kubu-wellness.com\/de\/gotowe-konfiguracje-gfk\/","og_site_name":"KUBU WELLNESS COMPANY - BALIE I SAUNY W TWOIM OGRODZIE - SKONFIGURUJ I ZAM\u00d3W","article_modified_time":"2022-09-11T14:08:07+00:00","og_image":[{"url":"https:\/\/kubu-wellness.com\/wp-content\/uploads\/2022\/08\/WhatsApp-Image-2022-04-04-at-09.29.04.jpeg"}],"twitter_card":"summary_large_image","schema":{"@context":"https:\/\/schema.org","@graph":[{"@type":"WebPage","@id":"https:\/\/kubu-wellness.com\/gotowe-konfiguracje-gfk\/","url":"https:\/\/kubu-wellness.com\/gotowe-konfiguracje-gfk\/","name":"Gotowe konfiguracje GFK - KUBU WELLNESS COMPANY - BALIE I SAUNY W TWOIM OGRODZIE - SKONFIGURUJ I ZAM\u00d3W","isPartOf":{"@id":"https:\/\/kubu-wellness.com\/#website"},"datePublished":"2022-07-18T20:30:43+00:00","dateModified":"2022-09-11T14:08:07+00:00","breadcrumb":{"@id":"https:\/\/kubu-wellness.com\/gotowe-konfiguracje-gfk\/#breadcrumb"},"inLanguage":"de-DE","potentialAction":[{"@type":"ReadAction","target":["https:\/\/kubu-wellness.com\/gotowe-konfiguracje-gfk\/"]}]},{"@type":"BreadcrumbList","@id":"https:\/\/kubu-wellness.com\/gotowe-konfiguracje-gfk\/#breadcrumb","itemListElement":[{"@type":"ListItem","position":1,"name":"Strona g\u0142\u00f3wna","item":"https:\/\/kubu-wellness.com\/"},{"@type":"ListItem","position":2,"name":"Gotowe konfiguracje GFK"}]},{"@type":"WebSite","@id":"https:\/\/kubu-wellness.com\/#website","url":"https:\/\/kubu-wellness.com\/","name":"KUBU WELLNESS COMPANY - BALIE I SAUNY W TWOIM OGRODZIE - SKONFIGURUJ I ZAM\u00d3W","description":"Podaruj sobie odrobin\u0119 relaksu - balia i sauna ogrodowa - Twoje w\u0142asne SPA. Sprawd\u017a, skonfiguruj, i zam\u00f3w!","publisher":{"@id":"https:\/\/kubu-wellness.com\/#organization"},"potentialAction":[{"@type":"SearchAction","target":{"@type":"EntryPoint","urlTemplate":"https:\/\/kubu-wellness.com\/?s={search_term_string}"},"query-input":"required name=search_term_string"}],"inLanguage":"de-DE"},{"@type":"Organization","@id":"https:\/\/kubu-wellness.com\/#organization","name":"KUBU WELLNESS COMPANY - BALIE I SAUNY W TWOIM OGRODZIE - SKONFIGURUJ I ZAM\u00d3W","url":"https:\/\/kubu-wellness.com\/","logo":{"@type":"ImageObject","inLanguage":"de-DE","@id":"https:\/\/kubu-wellness.com\/#\/schema\/logo\/image\/","url":"https:\/\/kubu-wellness.com\/wp-content\/uploads\/2020\/05\/cropped-pharmacy-logo.png","contentUrl":"https:\/\/kubu-wellness.com\/wp-content\/uploads\/2020\/05\/cropped-pharmacy-logo.png","width":325,"height":82,"caption":"KUBU WELLNESS COMPANY - BALIE I SAUNY W TWOIM OGRODZIE - SKONFIGURUJ I ZAM\u00d3W"},"image":{"@id":"https:\/\/kubu-wellness.com\/#\/schema\/logo\/image\/"}}]}},"_links":{"self":[{"href":"https:\/\/kubu-wellness.com\/de\/wp-json\/wp\/v2\/pages\/1155"}],"collection":[{"href":"https:\/\/kubu-wellness.com\/de\/wp-json\/wp\/v2\/pages"}],"about":[{"href":"https:\/\/kubu-wellness.com\/de\/wp-json\/wp\/v2\/types\/page"}],"author":[{"embeddable":true,"href":"https:\/\/kubu-wellness.com\/de\/wp-json\/wp\/v2\/users\/3"}],"replies":[{"embeddable":true,"href":"https:\/\/kubu-wellness.com\/de\/wp-json\/wp\/v2\/comments?post=1155"}],"version-history":[{"count":10,"href":"https:\/\/kubu-wellness.com\/de\/wp-json\/wp\/v2\/pages\/1155\/revisions"}],"predecessor-version":[{"id":1740,"href":"https:\/\/kubu-wellness.com\/de\/wp-json\/wp\/v2\/pages\/1155\/revisions\/1740"}],"wp:attachment":[{"href":"https:\/\/kubu-wellness.com\/de\/wp-json\/wp\/v2\/media?parent=1155"}],"curies":[{"name":"wp","href":"https:\/\/api.w.org\/{rel}","templated":true}]}}