{"id":1032,"date":"2022-06-20T11:00:58","date_gmt":"2022-06-20T11:00:58","guid":{"rendered":"https:\/\/kubu-wellness.com\/?post_type=product&#038;p=1032"},"modified":"2023-02-07T23:11:10","modified_gmt":"2023-02-07T21:11:10","slug":"balia-ogrodowa-delux","status":"publish","type":"product","link":"https:\/\/kubu-wellness.com\/de\/product\/balia-ogrodowa-delux\/","title":{"rendered":"Deluxe 2 mit integriertem Ofen"},"content":{"rendered":"<p><strong>Ausstattung:<\/strong><\/p>\n<p>Hydromassagesystem 14 D\u00fcsen \/ Pumpe 2,2 kW<\/p>\n<p>Beleuchtung 1 \u00d7 5 RGB-Farben<\/p>\n<p>Thermoabdeckung<\/p>\n<p>2 Fassklemmen<\/p>\n<p>Wasserr\u00fchrer<\/p>\n<p>Treppe<\/p>\n<p>Au\u00dfenverkleidung - Tanne mit Impr\u00e4gnierung<\/p>","protected":false},"excerpt":{"rendered":"<p><strong>Lieferzeit:<\/strong> von 3 bis 5 Wochen<\/p>\n<p><strong>Technische Daten:<\/strong><\/p>\n<p>Au\u00dfendurchmesser: 225 cm<\/p>\n<p>Innendurchmesser: 204 cm<\/p>\n<p>H\u00f6he: 106 cm<\/p>\n<p>Tiefe: 88 cm<\/p>\n<p>Breite der Bank: 35 cm<\/p>\n<p>H\u00f6he der Bank: 27 cm<\/p>\n<p>Ofen (35KW) aus Edelstahl 304<\/p>\n<p>Schornstein 2m + Tropfkappe<\/p>\n<p>Fassungsverm\u00f6gen 1500 - 1700 l<\/p>\n<p>Wassererw\u00e4rmungszeit: 2,5 - 3 Stunden<\/p>\n<p>Empfohlen f\u00fcr: 6 - 8 Personen<\/p>\n<pre><\/pre>","protected":false},"featured_media":2117,"comment_status":"open","ping_status":"closed","template":"","meta":{"neve_meta_sidebar":"","neve_meta_container":"","neve_meta_enable_content_width":"off","neve_meta_content_width":100,"neve_meta_title_alignment":"","neve_meta_author_avatar":"","neve_post_elements_order":"","neve_meta_disable_header":"","neve_meta_disable_footer":"","neve_meta_disable_title":"","neve_meta_reading_time":"","_ti_tpc_template_sync":false,"_ti_tpc_template_id":""},"product_cat":[23],"product_tag":[115,116,120,114,121,117,118,119],"yoast_head":"<!-- This site is optimized with the Yoast SEO plugin v19.10 - https:\/\/yoast.com\/wordpress\/plugins\/seo\/ -->\n<title>Balia ogrodowa Delux 2 - KUBU WELLNESS COMPANY - BALIE I SAUNY W TWOIM OGRODZIE - SKONFIGURUJ I ZAM\u00d3W<\/title>\n<meta name=\"robots\" content=\"index, follow, max-snippet:-1, max-image-preview:large, max-video-preview:-1\" \/>\n<link rel=\"canonical\" href=\"https:\/\/kubu-wellness.com\/de\/product\/balia-ogrodowa-delux\/\" \/>\n<meta property=\"og:locale\" content=\"de_DE\" \/>\n<meta property=\"og:type\" content=\"article\" \/>\n<meta property=\"og:title\" content=\"Balia ogrodowa Delux 2 - KUBU WELLNESS COMPANY - BALIE I SAUNY W TWOIM OGRODZIE - SKONFIGURUJ I ZAM\u00d3W\" \/>\n<meta property=\"og:description\" content=\"Czas realizacji zam\u00f3wienia: od 3 do 5 tygodni  Parametry techniczne:  \u015arednica zewn\u0119trzna: 225 cm  \u015arednica wewn\u0119trzna: 204 cm  Wysoko\u015b\u0107: 106 cm  G\u0142\u0119boko\u015b\u0107: 88 cm  Szeroko\u015b\u0107 \u0142awki: 35 cm  Wysoko\u015b\u0107 \u0142awki: 27 cm  Piec (35KW) wykonany ze stali nierdzewnej 304  Komin 2m + okapnik  Pojemno\u015b\u0107 1500 - 1700 l  Czas nagrzewania wody: 2,5 - 3 godziny  Rekomendowana dla: 6 - 8 os\u00f3b\" \/>\n<meta property=\"og:url\" content=\"https:\/\/kubu-wellness.com\/de\/product\/balia-ogrodowa-delux\/\" \/>\n<meta property=\"og:site_name\" content=\"KUBU WELLNESS COMPANY - BALIE I SAUNY W TWOIM OGRODZIE - SKONFIGURUJ I ZAM\u00d3W\" \/>\n<meta property=\"article:modified_time\" content=\"2023-02-07T21:11:10+00:00\" \/>\n<meta property=\"og:image\" content=\"https:\/\/kubu-wellness.com\/wp-content\/uploads\/2023\/02\/1b.-DELUX-zintegrowana-1024x980.png\" \/>\n\t<meta property=\"og:image:width\" content=\"1024\" \/>\n\t<meta property=\"og:image:height\" content=\"980\" \/>\n\t<meta property=\"og:image:type\" content=\"image\/png\" \/>\n<meta name=\"twitter:card\" content=\"summary_large_image\" \/>\n<meta name=\"twitter:label1\" content=\"Gesch\u00e4tzte Lesezeit\" \/>\n\t<meta name=\"twitter:data1\" content=\"1 Minute\" \/>\n<script type=\"application\/ld+json\" class=\"yoast-schema-graph\">{\"@context\":\"https:\/\/schema.org\",\"@graph\":[{\"@type\":\"WebPage\",\"@id\":\"https:\/\/kubu-wellness.com\/product\/balia-ogrodowa-delux\/\",\"url\":\"https:\/\/kubu-wellness.com\/product\/balia-ogrodowa-delux\/\",\"name\":\"Balia ogrodowa Delux 2 - KUBU WELLNESS COMPANY - BALIE I SAUNY W TWOIM OGRODZIE - SKONFIGURUJ I ZAM\u00d3W\",\"isPartOf\":{\"@id\":\"https:\/\/kubu-wellness.com\/#website\"},\"datePublished\":\"2022-06-20T11:00:58+00:00\",\"dateModified\":\"2023-02-07T21:11:10+00:00\",\"breadcrumb\":{\"@id\":\"https:\/\/kubu-wellness.com\/product\/balia-ogrodowa-delux\/#breadcrumb\"},\"inLanguage\":\"de-DE\",\"potentialAction\":[{\"@type\":\"ReadAction\",\"target\":[\"https:\/\/kubu-wellness.com\/product\/balia-ogrodowa-delux\/\"]}]},{\"@type\":\"BreadcrumbList\",\"@id\":\"https:\/\/kubu-wellness.com\/product\/balia-ogrodowa-delux\/#breadcrumb\",\"itemListElement\":[{\"@type\":\"ListItem\",\"position\":1,\"name\":\"Strona g\u0142\u00f3wna\",\"item\":\"https:\/\/kubu-wellness.com\/\"},{\"@type\":\"ListItem\",\"position\":2,\"name\":\"OFERTA\",\"item\":\"https:\/\/kubu-wellness.com\/shop\/\"},{\"@type\":\"ListItem\",\"position\":3,\"name\":\"Balia ogrodowa Delux 2\"}]},{\"@type\":\"WebSite\",\"@id\":\"https:\/\/kubu-wellness.com\/#website\",\"url\":\"https:\/\/kubu-wellness.com\/\",\"name\":\"KUBU WELLNESS COMPANY - BALIE I SAUNY W TWOIM OGRODZIE - SKONFIGURUJ I ZAM\u00d3W\",\"description\":\"Podaruj sobie odrobin\u0119 relaksu - balia i sauna ogrodowa - Twoje w\u0142asne SPA. Sprawd\u017a, skonfiguruj, i zam\u00f3w!\",\"publisher\":{\"@id\":\"https:\/\/kubu-wellness.com\/#organization\"},\"potentialAction\":[{\"@type\":\"SearchAction\",\"target\":{\"@type\":\"EntryPoint\",\"urlTemplate\":\"https:\/\/kubu-wellness.com\/?s={search_term_string}\"},\"query-input\":\"required name=search_term_string\"}],\"inLanguage\":\"de-DE\"},{\"@type\":\"Organization\",\"@id\":\"https:\/\/kubu-wellness.com\/#organization\",\"name\":\"KUBU WELLNESS COMPANY - BALIE I SAUNY W TWOIM OGRODZIE - SKONFIGURUJ I ZAM\u00d3W\",\"url\":\"https:\/\/kubu-wellness.com\/\",\"logo\":{\"@type\":\"ImageObject\",\"inLanguage\":\"de-DE\",\"@id\":\"https:\/\/kubu-wellness.com\/#\/schema\/logo\/image\/\",\"url\":\"https:\/\/kubu-wellness.com\/wp-content\/uploads\/2020\/05\/cropped-pharmacy-logo.png\",\"contentUrl\":\"https:\/\/kubu-wellness.com\/wp-content\/uploads\/2020\/05\/cropped-pharmacy-logo.png\",\"width\":325,\"height\":82,\"caption\":\"KUBU WELLNESS COMPANY - BALIE I SAUNY W TWOIM OGRODZIE - SKONFIGURUJ I ZAM\u00d3W\"},\"image\":{\"@id\":\"https:\/\/kubu-wellness.com\/#\/schema\/logo\/image\/\"}}]}<\/script>\n<!-- \/ Yoast SEO plugin. -->","yoast_head_json":{"title":"Balia ogrodowa Delux 2 - KUBU WELLNESS COMPANY - BALIE I SAUNY W TWOIM OGRODZIE - SKONFIGURUJ I ZAM\u00d3W","robots":{"index":"index","follow":"follow","max-snippet":"max-snippet:-1","max-image-preview":"max-image-preview:large","max-video-preview":"max-video-preview:-1"},"canonical":"https:\/\/kubu-wellness.com\/de\/product\/balia-ogrodowa-delux\/","og_locale":"de_DE","og_type":"article","og_title":"Balia ogrodowa Delux 2 - KUBU WELLNESS COMPANY - BALIE I SAUNY W TWOIM OGRODZIE - SKONFIGURUJ I ZAM\u00d3W","og_description":"Czas realizacji zam\u00f3wienia: od 3 do 5 tygodni  Parametry techniczne:  \u015arednica zewn\u0119trzna: 225 cm  \u015arednica wewn\u0119trzna: 204 cm  Wysoko\u015b\u0107: 106 cm  G\u0142\u0119boko\u015b\u0107: 88 cm  Szeroko\u015b\u0107 \u0142awki: 35 cm  Wysoko\u015b\u0107 \u0142awki: 27 cm  Piec (35KW) wykonany ze stali nierdzewnej 304  Komin 2m + okapnik  Pojemno\u015b\u0107 1500 - 1700 l  Czas nagrzewania wody: 2,5 - 3 godziny  Rekomendowana dla: 6 - 8 os\u00f3b","og_url":"https:\/\/kubu-wellness.com\/de\/product\/balia-ogrodowa-delux\/","og_site_name":"KUBU WELLNESS COMPANY - BALIE I SAUNY W TWOIM OGRODZIE - SKONFIGURUJ I ZAM\u00d3W","article_modified_time":"2023-02-07T21:11:10+00:00","og_image":[{"width":1024,"height":980,"url":"https:\/\/kubu-wellness.com\/wp-content\/uploads\/2023\/02\/1b.-DELUX-zintegrowana-1024x980.png","type":"image\/png"}],"twitter_card":"summary_large_image","twitter_misc":{"Gesch\u00e4tzte Lesezeit":"1 Minute"},"schema":{"@context":"https:\/\/schema.org","@graph":[{"@type":"WebPage","@id":"https:\/\/kubu-wellness.com\/product\/balia-ogrodowa-delux\/","url":"https:\/\/kubu-wellness.com\/product\/balia-ogrodowa-delux\/","name":"Balia ogrodowa Delux 2 - KUBU WELLNESS COMPANY - BALIE I SAUNY W TWOIM OGRODZIE - SKONFIGURUJ I ZAM\u00d3W","isPartOf":{"@id":"https:\/\/kubu-wellness.com\/#website"},"datePublished":"2022-06-20T11:00:58+00:00","dateModified":"2023-02-07T21:11:10+00:00","breadcrumb":{"@id":"https:\/\/kubu-wellness.com\/product\/balia-ogrodowa-delux\/#breadcrumb"},"inLanguage":"de-DE","potentialAction":[{"@type":"ReadAction","target":["https:\/\/kubu-wellness.com\/product\/balia-ogrodowa-delux\/"]}]},{"@type":"BreadcrumbList","@id":"https:\/\/kubu-wellness.com\/product\/balia-ogrodowa-delux\/#breadcrumb","itemListElement":[{"@type":"ListItem","position":1,"name":"Strona g\u0142\u00f3wna","item":"https:\/\/kubu-wellness.com\/"},{"@type":"ListItem","position":2,"name":"OFERTA","item":"https:\/\/kubu-wellness.com\/shop\/"},{"@type":"ListItem","position":3,"name":"Balia ogrodowa Delux 2"}]},{"@type":"WebSite","@id":"https:\/\/kubu-wellness.com\/#website","url":"https:\/\/kubu-wellness.com\/","name":"KUBU WELLNESS COMPANY - BALIE I SAUNY W TWOIM OGRODZIE - SKONFIGURUJ I ZAM\u00d3W","description":"Podaruj sobie odrobin\u0119 relaksu - balia i sauna ogrodowa - Twoje w\u0142asne SPA. Sprawd\u017a, skonfiguruj, i zam\u00f3w!","publisher":{"@id":"https:\/\/kubu-wellness.com\/#organization"},"potentialAction":[{"@type":"SearchAction","target":{"@type":"EntryPoint","urlTemplate":"https:\/\/kubu-wellness.com\/?s={search_term_string}"},"query-input":"required name=search_term_string"}],"inLanguage":"de-DE"},{"@type":"Organization","@id":"https:\/\/kubu-wellness.com\/#organization","name":"KUBU WELLNESS COMPANY - BALIE I SAUNY W TWOIM OGRODZIE - SKONFIGURUJ I ZAM\u00d3W","url":"https:\/\/kubu-wellness.com\/","logo":{"@type":"ImageObject","inLanguage":"de-DE","@id":"https:\/\/kubu-wellness.com\/#\/schema\/logo\/image\/","url":"https:\/\/kubu-wellness.com\/wp-content\/uploads\/2020\/05\/cropped-pharmacy-logo.png","contentUrl":"https:\/\/kubu-wellness.com\/wp-content\/uploads\/2020\/05\/cropped-pharmacy-logo.png","width":325,"height":82,"caption":"KUBU WELLNESS COMPANY - BALIE I SAUNY W TWOIM OGRODZIE - SKONFIGURUJ I ZAM\u00d3W"},"image":{"@id":"https:\/\/kubu-wellness.com\/#\/schema\/logo\/image\/"}}]}},"_links":{"self":[{"href":"https:\/\/kubu-wellness.com\/de\/wp-json\/wp\/v2\/product\/1032"}],"collection":[{"href":"https:\/\/kubu-wellness.com\/de\/wp-json\/wp\/v2\/product"}],"about":[{"href":"https:\/\/kubu-wellness.com\/de\/wp-json\/wp\/v2\/types\/product"}],"replies":[{"embeddable":true,"href":"https:\/\/kubu-wellness.com\/de\/wp-json\/wp\/v2\/comments?post=1032"}],"wp:featuredmedia":[{"embeddable":true,"href":"https:\/\/kubu-wellness.com\/de\/wp-json\/wp\/v2\/media\/2117"}],"wp:attachment":[{"href":"https:\/\/kubu-wellness.com\/de\/wp-json\/wp\/v2\/media?parent=1032"}],"wp:term":[{"taxonomy":"product_cat","embeddable":true,"href":"https:\/\/kubu-wellness.com\/de\/wp-json\/wp\/v2\/product_cat?post=1032"},{"taxonomy":"product_tag","embeddable":true,"href":"https:\/\/kubu-wellness.com\/de\/wp-json\/wp\/v2\/product_tag?post=1032"}],"curies":[{"name":"wp","href":"https:\/\/api.w.org\/{rel}","templated":true}]}}