{"id":11,"date":"2020-05-21T09:46:38","date_gmt":"2020-05-21T09:46:38","guid":{"rendered":"https:\/\/demosites.io\/pharmacy\/cart\/"},"modified":"2022-09-17T21:33:58","modified_gmt":"2022-09-17T21:33:58","slug":"koszyk","status":"publish","type":"page","link":"https:\/\/kubu-wellness.com\/en\/koszyk\/","title":{"rendered":"SHOPPING CART"},"content":{"rendered":"<div data-elementor-type=\"wp-page\" data-elementor-id=\"11\" class=\"elementor elementor-11\">\n\t\t\t\t\t\t\t\t\t<section class=\"elementor-section elementor-top-section elementor-element elementor-element-5746c2e elementor-section-boxed elementor-section-height-default elementor-section-height-default\" data-id=\"5746c2e\" data-element_type=\"section\">\n\t\t\t\t\t\t<div class=\"elementor-container elementor-column-gap-default\">\n\t\t\t\t\t<div class=\"elementor-column elementor-col-100 elementor-top-column elementor-element elementor-element-960acbe\" data-id=\"960acbe\" data-element_type=\"column\">\n\t\t\t<div class=\"elementor-widget-wrap elementor-element-populated\">\n\t\t\t\t\t\t\t\t<div class=\"elementor-element elementor-element-22d04fe wl-product-image-show-yes wl-product-image-show-tablet-yes wl-product-image-show-mobile-yes wl-product-name-show-yes wl-product-name-show-tablet-yes wl-product-name-show-mobile-yes wl-product-category-show-tablet-yes wl-product-category-show-mobile-no wl-product-price-show-yes wl-product-price-show-tablet-yes wl-product-price-show-mobile-yes wl-product-quantity-show-yes wl-product-quantity-show-tablet-yes wl-product-quantity-show-mobile-yes wl-product-subtotal-show-yes wl-product-subtotal-show-tablet-yes wl-product-subtotal-show-mobile-yes wl-product-remove-show-yes wl-product-remove-show-tablet-yes wl-product-remove-show-mobile-yes elementor-widget elementor-widget-cart-items\" data-id=\"22d04fe\" data-element_type=\"widget\" data-widget_type=\"cart-items.default\">\n\t\t\t\t<div class=\"elementor-widget-container\">\n\t\t\t\n\t\t<div class=\"wl-ci\">\n\t\t\t<div class=\"wl-ci-product-style\">\n\t\t\t\t<div class=\"cx-container\">\n\t\t\t\t\t<div class=\"cx-row\">\n\t\t\t\t\t\t<div class=\"cx-col-md-12 cx-col-sm-12\">\n\t\t\t\t\t\t\t<div class=\"woocommerce\">\n\t\t\t\t\t\t\t\t<form class=\"woocommerce-cart-form wl-ci-cart-form\" action=\"https:\/\/kubu-wellness.com\/en\/koszyk\/\" method=\"post\" data-trp-original-action=\"https:\/\/kubu-wellness.com\/en\/koszyk\/\">\n\t\t\t\t\t\t\t\t\t\t\t\t\t\t\t\t\t<input type=\"hidden\" name=\"trp-form-language\" value=\"en\"\/><\/form>\n\t\t\t\t\t\t\t<\/div>\n\t\t\t\t\t\t<\/div>\n\n\t\t\t\t\t\t\t\t\t\t\t\n\n\t\t\t\t\t<\/div>\n\t\t\t\t<\/div>\n\t\t\t<\/div>\n\t\t<\/div>\n\t\t\t\t<\/div>\n\t\t\t\t<\/div>\n\t\t\t\t\t<\/div>\n\t\t<\/div>\n\t\t\t\t\t\t\t<\/div>\n\t\t<\/section>\n\t\t\t\t\t\t\t<\/div>","protected":false},"excerpt":{"rendered":"<p>Koszty wysy\u0142ki zaktualizowane. Produkt Cena Ilo\u015b\u0107 Warto\u015b\u0107 produkt\u00f3w Akrylowa balia wellness kwadratowa \/ ogrzewana elektrycznie Seria-akrylowa 27,060&nbsp;&#122;&#322; 1 27,060&nbsp;&#122;&#322; Sauna beczka Sauny 27,650&nbsp;&#122;&#322; 1 27,650&nbsp;&#122;&#322; Zaktualizuj koszyk Twoje zam\u00f3wienie Podsuma 54,710&nbsp;&#122;&#322; \u0141\u0105cznie 54,710&nbsp;&#122;&#322; Przejd\u017a do p\u0142atno\u015bci<\/p>","protected":false},"author":3,"featured_media":0,"parent":0,"menu_order":0,"comment_status":"closed","ping_status":"closed","template":"","meta":{"neve_meta_sidebar":"full-width","neve_meta_container":"","neve_meta_enable_content_width":"on","neve_meta_content_width":100,"neve_meta_title_alignment":"","neve_meta_author_avatar":"","neve_post_elements_order":"","neve_meta_disable_header":"","neve_meta_disable_footer":"","neve_meta_disable_title":"","neve_meta_reading_time":"","_ti_tpc_template_sync":false,"_ti_tpc_template_id":""},"yoast_head":"<!-- This site is optimized with the Yoast SEO plugin v19.10 - https:\/\/yoast.com\/wordpress\/plugins\/seo\/ -->\n<title>KOSZYK - KUBU WELLNESS COMPANY - BALIE I SAUNY W TWOIM OGRODZIE - SKONFIGURUJ I ZAM\u00d3W<\/title>\n<meta name=\"robots\" content=\"index, follow, max-snippet:-1, max-image-preview:large, max-video-preview:-1\" \/>\n<link rel=\"canonical\" href=\"https:\/\/kubu-wellness.com\/en\/koszyk\/\" \/>\n<meta property=\"og:locale\" content=\"en_GB\" \/>\n<meta property=\"og:type\" content=\"article\" \/>\n<meta property=\"og:title\" content=\"KOSZYK - KUBU WELLNESS COMPANY - BALIE I SAUNY W TWOIM OGRODZIE - SKONFIGURUJ I ZAM\u00d3W\" \/>\n<meta property=\"og:description\" content=\"Koszty wysy\u0142ki zaktualizowane. Produkt Cena Ilo\u015b\u0107 Warto\u015b\u0107 produkt\u00f3w Akrylowa balia wellness kwadratowa \/ ogrzewana elektrycznie Seria-akrylowa 27,060&nbsp;&#122;&#322; 1 27,060&nbsp;&#122;&#322; Sauna beczka Sauny 27,650&nbsp;&#122;&#322; 1 27,650&nbsp;&#122;&#322; Zaktualizuj koszyk Twoje zam\u00f3wienie Podsuma 54,710&nbsp;&#122;&#322; \u0141\u0105cznie 54,710&nbsp;&#122;&#322; Przejd\u017a do p\u0142atno\u015bci\" \/>\n<meta property=\"og:url\" content=\"https:\/\/kubu-wellness.com\/en\/koszyk\/\" \/>\n<meta property=\"og:site_name\" content=\"KUBU WELLNESS COMPANY - BALIE I SAUNY W TWOIM OGRODZIE - SKONFIGURUJ I ZAM\u00d3W\" \/>\n<meta property=\"article:modified_time\" content=\"2022-09-17T21:33:58+00:00\" \/>\n<meta property=\"og:image\" content=\"https:\/\/kubu-wellness.com\/wp-content\/uploads\/2022\/08\/kwadrat-elektryczny-300x300.jpeg\" \/>\n<meta name=\"twitter:card\" content=\"summary_large_image\" \/>\n<script type=\"application\/ld+json\" class=\"yoast-schema-graph\">{\"@context\":\"https:\/\/schema.org\",\"@graph\":[{\"@type\":\"WebPage\",\"@id\":\"https:\/\/kubu-wellness.com\/koszyk\/\",\"url\":\"https:\/\/kubu-wellness.com\/koszyk\/\",\"name\":\"KOSZYK - KUBU WELLNESS COMPANY - BALIE I SAUNY W TWOIM OGRODZIE - SKONFIGURUJ I ZAM\u00d3W\",\"isPartOf\":{\"@id\":\"https:\/\/kubu-wellness.com\/#website\"},\"datePublished\":\"2020-05-21T09:46:38+00:00\",\"dateModified\":\"2022-09-17T21:33:58+00:00\",\"breadcrumb\":{\"@id\":\"https:\/\/kubu-wellness.com\/koszyk\/#breadcrumb\"},\"inLanguage\":\"en-GB\",\"potentialAction\":[{\"@type\":\"ReadAction\",\"target\":[\"https:\/\/kubu-wellness.com\/koszyk\/\"]}]},{\"@type\":\"BreadcrumbList\",\"@id\":\"https:\/\/kubu-wellness.com\/koszyk\/#breadcrumb\",\"itemListElement\":[{\"@type\":\"ListItem\",\"position\":1,\"name\":\"Strona g\u0142\u00f3wna\",\"item\":\"https:\/\/kubu-wellness.com\/\"},{\"@type\":\"ListItem\",\"position\":2,\"name\":\"KOSZYK\"}]},{\"@type\":\"WebSite\",\"@id\":\"https:\/\/kubu-wellness.com\/#website\",\"url\":\"https:\/\/kubu-wellness.com\/\",\"name\":\"KUBU WELLNESS COMPANY - BALIE I SAUNY W TWOIM OGRODZIE - SKONFIGURUJ I ZAM\u00d3W\",\"description\":\"Podaruj sobie odrobin\u0119 relaksu - balia i sauna ogrodowa - Twoje w\u0142asne SPA. Sprawd\u017a, skonfiguruj, i zam\u00f3w!\",\"publisher\":{\"@id\":\"https:\/\/kubu-wellness.com\/#organization\"},\"potentialAction\":[{\"@type\":\"SearchAction\",\"target\":{\"@type\":\"EntryPoint\",\"urlTemplate\":\"https:\/\/kubu-wellness.com\/?s={search_term_string}\"},\"query-input\":\"required name=search_term_string\"}],\"inLanguage\":\"en-GB\"},{\"@type\":\"Organization\",\"@id\":\"https:\/\/kubu-wellness.com\/#organization\",\"name\":\"KUBU WELLNESS COMPANY - BALIE I SAUNY W TWOIM OGRODZIE - SKONFIGURUJ I ZAM\u00d3W\",\"url\":\"https:\/\/kubu-wellness.com\/\",\"logo\":{\"@type\":\"ImageObject\",\"inLanguage\":\"en-GB\",\"@id\":\"https:\/\/kubu-wellness.com\/#\/schema\/logo\/image\/\",\"url\":\"https:\/\/kubu-wellness.com\/wp-content\/uploads\/2020\/05\/cropped-pharmacy-logo.png\",\"contentUrl\":\"https:\/\/kubu-wellness.com\/wp-content\/uploads\/2020\/05\/cropped-pharmacy-logo.png\",\"width\":325,\"height\":82,\"caption\":\"KUBU WELLNESS COMPANY - BALIE I SAUNY W TWOIM OGRODZIE - SKONFIGURUJ I ZAM\u00d3W\"},\"image\":{\"@id\":\"https:\/\/kubu-wellness.com\/#\/schema\/logo\/image\/\"}}]}<\/script>\n<!-- \/ Yoast SEO plugin. -->","yoast_head_json":{"title":"KOSZYK - KUBU WELLNESS COMPANY - BALIE I SAUNY W TWOIM OGRODZIE - SKONFIGURUJ I ZAM\u00d3W","robots":{"index":"index","follow":"follow","max-snippet":"max-snippet:-1","max-image-preview":"max-image-preview:large","max-video-preview":"max-video-preview:-1"},"canonical":"https:\/\/kubu-wellness.com\/en\/koszyk\/","og_locale":"en_GB","og_type":"article","og_title":"KOSZYK - KUBU WELLNESS COMPANY - BALIE I SAUNY W TWOIM OGRODZIE - SKONFIGURUJ I ZAM\u00d3W","og_description":"Koszty wysy\u0142ki zaktualizowane. Produkt Cena Ilo\u015b\u0107 Warto\u015b\u0107 produkt\u00f3w Akrylowa balia wellness kwadratowa \/ ogrzewana elektrycznie Seria-akrylowa 27,060&nbsp;&#122;&#322; 1 27,060&nbsp;&#122;&#322; Sauna beczka Sauny 27,650&nbsp;&#122;&#322; 1 27,650&nbsp;&#122;&#322; Zaktualizuj koszyk Twoje zam\u00f3wienie Podsuma 54,710&nbsp;&#122;&#322; \u0141\u0105cznie 54,710&nbsp;&#122;&#322; Przejd\u017a do p\u0142atno\u015bci","og_url":"https:\/\/kubu-wellness.com\/en\/koszyk\/","og_site_name":"KUBU WELLNESS COMPANY - BALIE I SAUNY W TWOIM OGRODZIE - SKONFIGURUJ I ZAM\u00d3W","article_modified_time":"2022-09-17T21:33:58+00:00","og_image":[{"url":"https:\/\/kubu-wellness.com\/wp-content\/uploads\/2022\/08\/kwadrat-elektryczny-300x300.jpeg"}],"twitter_card":"summary_large_image","schema":{"@context":"https:\/\/schema.org","@graph":[{"@type":"WebPage","@id":"https:\/\/kubu-wellness.com\/koszyk\/","url":"https:\/\/kubu-wellness.com\/koszyk\/","name":"KOSZYK - KUBU WELLNESS COMPANY - BALIE I SAUNY W TWOIM OGRODZIE - SKONFIGURUJ I ZAM\u00d3W","isPartOf":{"@id":"https:\/\/kubu-wellness.com\/#website"},"datePublished":"2020-05-21T09:46:38+00:00","dateModified":"2022-09-17T21:33:58+00:00","breadcrumb":{"@id":"https:\/\/kubu-wellness.com\/koszyk\/#breadcrumb"},"inLanguage":"en-GB","potentialAction":[{"@type":"ReadAction","target":["https:\/\/kubu-wellness.com\/koszyk\/"]}]},{"@type":"BreadcrumbList","@id":"https:\/\/kubu-wellness.com\/koszyk\/#breadcrumb","itemListElement":[{"@type":"ListItem","position":1,"name":"Strona g\u0142\u00f3wna","item":"https:\/\/kubu-wellness.com\/"},{"@type":"ListItem","position":2,"name":"KOSZYK"}]},{"@type":"WebSite","@id":"https:\/\/kubu-wellness.com\/#website","url":"https:\/\/kubu-wellness.com\/","name":"KUBU WELLNESS COMPANY - BALIE I SAUNY W TWOIM OGRODZIE - SKONFIGURUJ I ZAM\u00d3W","description":"Podaruj sobie odrobin\u0119 relaksu - balia i sauna ogrodowa - Twoje w\u0142asne SPA. Sprawd\u017a, skonfiguruj, i zam\u00f3w!","publisher":{"@id":"https:\/\/kubu-wellness.com\/#organization"},"potentialAction":[{"@type":"SearchAction","target":{"@type":"EntryPoint","urlTemplate":"https:\/\/kubu-wellness.com\/?s={search_term_string}"},"query-input":"required name=search_term_string"}],"inLanguage":"en-GB"},{"@type":"Organization","@id":"https:\/\/kubu-wellness.com\/#organization","name":"KUBU WELLNESS COMPANY - BALIE I SAUNY W TWOIM OGRODZIE - SKONFIGURUJ I ZAM\u00d3W","url":"https:\/\/kubu-wellness.com\/","logo":{"@type":"ImageObject","inLanguage":"en-GB","@id":"https:\/\/kubu-wellness.com\/#\/schema\/logo\/image\/","url":"https:\/\/kubu-wellness.com\/wp-content\/uploads\/2020\/05\/cropped-pharmacy-logo.png","contentUrl":"https:\/\/kubu-wellness.com\/wp-content\/uploads\/2020\/05\/cropped-pharmacy-logo.png","width":325,"height":82,"caption":"KUBU WELLNESS COMPANY - BALIE I SAUNY W TWOIM OGRODZIE - SKONFIGURUJ I ZAM\u00d3W"},"image":{"@id":"https:\/\/kubu-wellness.com\/#\/schema\/logo\/image\/"}}]}},"_links":{"self":[{"href":"https:\/\/kubu-wellness.com\/en\/wp-json\/wp\/v2\/pages\/11"}],"collection":[{"href":"https:\/\/kubu-wellness.com\/en\/wp-json\/wp\/v2\/pages"}],"about":[{"href":"https:\/\/kubu-wellness.com\/en\/wp-json\/wp\/v2\/types\/page"}],"author":[{"embeddable":true,"href":"https:\/\/kubu-wellness.com\/en\/wp-json\/wp\/v2\/users\/3"}],"replies":[{"embeddable":true,"href":"https:\/\/kubu-wellness.com\/en\/wp-json\/wp\/v2\/comments?post=11"}],"version-history":[{"count":14,"href":"https:\/\/kubu-wellness.com\/en\/wp-json\/wp\/v2\/pages\/11\/revisions"}],"predecessor-version":[{"id":1778,"href":"https:\/\/kubu-wellness.com\/en\/wp-json\/wp\/v2\/pages\/11\/revisions\/1778"}],"wp:attachment":[{"href":"https:\/\/kubu-wellness.com\/en\/wp-json\/wp\/v2\/media?parent=11"}],"curies":[{"name":"wp","href":"https:\/\/api.w.org\/{rel}","templated":true}]}}