{"id":1158,"date":"2022-07-18T20:34:33","date_gmt":"2022-07-18T20:34:33","guid":{"rendered":"https:\/\/kubu-wellness.com\/?page_id=1158"},"modified":"2023-07-17T00:19:45","modified_gmt":"2023-07-16T22:19:45","slug":"gotowe-konfiguracje-sauny","status":"publish","type":"page","link":"https:\/\/kubu-wellness.com\/en\/gotowe-konfiguracje-sauny\/","title":{"rendered":"Gotowe konfiguracje sauny"},"content":{"rendered":"<div data-elementor-type=\"wp-page\" data-elementor-id=\"1158\" class=\"elementor elementor-1158\">\n\t\t\t\t\t\t\t\t\t<section class=\"elementor-section elementor-top-section elementor-element elementor-element-05a7acb elementor-section-boxed elementor-section-height-default elementor-section-height-default\" data-id=\"05a7acb\" data-element_type=\"section\">\n\t\t\t\t\t\t<div class=\"elementor-container elementor-column-gap-default\">\n\t\t\t\t\t<div class=\"elementor-column elementor-col-100 elementor-top-column elementor-element elementor-element-d85a7de\" data-id=\"d85a7de\" data-element_type=\"column\">\n\t\t\t<div class=\"elementor-widget-wrap elementor-element-populated\">\n\t\t\t\t\t\t\t\t<div class=\"elementor-element elementor-element-43adcf3 elementor-widget elementor-widget-heading\" data-id=\"43adcf3\" data-element_type=\"widget\" data-widget_type=\"heading.default\">\n\t\t\t\t<div class=\"elementor-widget-container\">\n\t\t\t<style>\/*! elementor - v3.6.5 - 27-04-2022 *\/\n.elementor-heading-title{padding:0;margin:0;line-height:1}.elementor-widget-heading .elementor-heading-title[class*=elementor-size-]>a{color:inherit;font-size:inherit;line-height:inherit}.elementor-widget-heading .elementor-heading-title.elementor-size-small{font-size:15px}.elementor-widget-heading .elementor-heading-title.elementor-size-medium{font-size:19px}.elementor-widget-heading .elementor-heading-title.elementor-size-large{font-size:29px}.elementor-widget-heading .elementor-heading-title.elementor-size-xl{font-size:39px}.elementor-widget-heading .elementor-heading-title.elementor-size-xxl{font-size:59px}<\/style><h2 class=\"elementor-heading-title elementor-size-default\">Sauny - przyk\u0142adowe konfiguracje<\/h2>\t\t<\/div>\n\t\t\t\t<\/div>\n\t\t\t\t\t<\/div>\n\t\t<\/div>\n\t\t\t\t\t\t\t<\/div>\n\t\t<\/section>\n\t\t\t\t<section class=\"elementor-section elementor-top-section elementor-element elementor-element-872ed87 elementor-section-boxed elementor-section-height-default elementor-section-height-default\" data-id=\"872ed87\" data-element_type=\"section\">\n\t\t\t\t\t\t<div class=\"elementor-container elementor-column-gap-default\">\n\t\t\t\t\t<div class=\"elementor-column elementor-col-100 elementor-top-column elementor-element elementor-element-fb01c10\" data-id=\"fb01c10\" data-element_type=\"column\">\n\t\t\t<div class=\"elementor-widget-wrap elementor-element-populated\">\n\t\t\t\t\t\t\t\t<div class=\"elementor-element elementor-element-f48c251 elementor-widget elementor-widget-obfx-posts-grid\" data-id=\"f48c251\" data-element_type=\"widget\" data-widget_type=\"obfx-posts-grid.default\">\n\t\t\t\t<div class=\"elementor-widget-container\">\n\t\t\t<div class=\"obfx-grid\"><div class=\"obfx-grid-container obfx-grid-mobile-2 obfx-grid-desktop-3\"><div class=\"obfx-grid-wrapper\"><article class=\"obfx-grid-col\"><div class=\"obfx-grid-col-image\" ><a href=\"https:\/\/kubu-wellness.com\/en\/product\/sauna-cylindryczna\/\" title=\"Cylindrical sauna\"><img width=\"1024\" height=\"768\" src=\"https:\/\/kubu-wellness.com\/wp-content\/uploads\/2022\/09\/WhatsApp-Image-2022-09-11-at-19.12.18-1.jpeg\" class=\"img-responsive wp-post-image\" alt=\"sauny ogrodowe producent\" decoding=\"async\" loading=\"lazy\" srcset=\"https:\/\/kubu-wellness.com\/wp-content\/uploads\/2022\/09\/WhatsApp-Image-2022-09-11-at-19.12.18-1.jpeg 1024w, https:\/\/kubu-wellness.com\/wp-content\/uploads\/2022\/09\/WhatsApp-Image-2022-09-11-at-19.12.18-1-300x225.jpeg 300w, https:\/\/kubu-wellness.com\/wp-content\/uploads\/2022\/09\/WhatsApp-Image-2022-09-11-at-19.12.18-1-768x576.jpeg 768w, https:\/\/kubu-wellness.com\/wp-content\/uploads\/2022\/09\/WhatsApp-Image-2022-09-11-at-19.12.18-1-16x12.jpeg 16w, https:\/\/kubu-wellness.com\/wp-content\/uploads\/2022\/09\/WhatsApp-Image-2022-09-11-at-19.12.18-1-600x450.jpeg 600w\" sizes=\"(max-width: 1024px) 100vw, 1024px\" \/><\/a><\/div><div class=\"obfx-grid-col-content\">\t\t\t<h2 class=\"entry-title obfx-grid-title\">\n\t\t\t\t\t\t\t<a href=\"https:\/\/kubu-wellness.com\/en\/product\/sauna-cylindryczna\/\" title=\"Cylindrical sauna\">\n\t\t\t\t\tCylindrical sauna\t\t\t\t<\/a>\n\t\t\t\t\t\t\t<\/h2>\n\t\t\t\t\t\t<div class=\"obfx-grid-price\">\n\t\t\t\t<span class=\"woocs_price_code\"><span class=\"woocommerce-Price-amount amount\">15,000&nbsp;<span class=\"woocommerce-Price-currencySymbol\">&#122;&#322;<\/span><\/span> with VAT<\/span>\t\t\t<\/div>\n\t\t\t<div class=\"obfx-grid-footer\"><a href=\"?add-to-cart=1753\" title=\"Add to Cart\" rel=\"nofollow\" data-no-translation=\"\" data-trp-gettext=\"\" data-no-translation-title=\"\">Add to Cart<\/a><\/div><\/div><\/article><\/div><div class=\"obfx-grid-wrapper\"><article class=\"obfx-grid-col\"><div class=\"obfx-grid-col-image\" ><a href=\"https:\/\/kubu-wellness.com\/en\/product\/sauna-beczka\/\" title=\"Barrel sauna\"><img width=\"768\" height=\"1024\" src=\"https:\/\/kubu-wellness.com\/wp-content\/uploads\/2022\/08\/WhatsApp-Image-2022-06-19-at-00.12.42-1.jpeg\" class=\"img-responsive wp-post-image\" alt=\"WhatsApp Image 2022-06-19 at 00.12.42 (1)\" decoding=\"async\" loading=\"lazy\" srcset=\"https:\/\/kubu-wellness.com\/wp-content\/uploads\/2022\/08\/WhatsApp-Image-2022-06-19-at-00.12.42-1.jpeg 768w, https:\/\/kubu-wellness.com\/wp-content\/uploads\/2022\/08\/WhatsApp-Image-2022-06-19-at-00.12.42-1-225x300.jpeg 225w, https:\/\/kubu-wellness.com\/wp-content\/uploads\/2022\/08\/WhatsApp-Image-2022-06-19-at-00.12.42-1-9x12.jpeg 9w, https:\/\/kubu-wellness.com\/wp-content\/uploads\/2022\/08\/WhatsApp-Image-2022-06-19-at-00.12.42-1-600x800.jpeg 600w\" sizes=\"(max-width: 768px) 100vw, 768px\" \/><\/a><\/div><div class=\"obfx-grid-col-content\">\t\t\t<h2 class=\"entry-title obfx-grid-title\">\n\t\t\t\t\t\t\t<a href=\"https:\/\/kubu-wellness.com\/en\/product\/sauna-beczka\/\" title=\"Barrel sauna\">\n\t\t\t\t\tBarrel sauna\t\t\t\t<\/a>\n\t\t\t\t\t\t\t<\/h2>\n\t\t\t\t\t\t<div class=\"obfx-grid-price\">\n\t\t\t\t<span class=\"woocs_price_code\"><span class=\"woocommerce-Price-amount amount\">27,650&nbsp;<span class=\"woocommerce-Price-currencySymbol\">&#122;&#322;<\/span><\/span> with VAT<\/span>\t\t\t<\/div>\n\t\t\t<div class=\"obfx-grid-footer\"><a href=\"?add-to-cart=1743\" title=\"Add to Cart\" rel=\"nofollow\" data-no-translation=\"\" data-trp-gettext=\"\" data-no-translation-title=\"\">Add to Cart<\/a><\/div><\/div><\/article><\/div><\/div><!-- .obfx-grid-container --><\/div><!-- .obfx-grid -->\t\t<\/div>\n\t\t\t\t<\/div>\n\t\t\t\t\t<\/div>\n\t\t<\/div>\n\t\t\t\t\t\t\t<\/div>\n\t\t<\/section>\n\t\t\t\t\t\t\t<\/div>","protected":false},"excerpt":{"rendered":"<p>Sauny &#8211; przyk\u0142adowe konfiguracje Sauna cylindryczna 15,000&nbsp;&#122;&#322; z VAT Dodaj do koszyka Sauna beczka 27,650&nbsp;&#122;&#322; z VAT Dodaj do koszyka<\/p>","protected":false},"author":3,"featured_media":0,"parent":0,"menu_order":0,"comment_status":"closed","ping_status":"closed","template":"page-templates\/template-pagebuilder-full-width.php","meta":{"neve_meta_sidebar":"","neve_meta_container":"","neve_meta_enable_content_width":"","neve_meta_content_width":0,"neve_meta_title_alignment":"","neve_meta_author_avatar":"","neve_post_elements_order":"","neve_meta_disable_header":"","neve_meta_disable_footer":"","neve_meta_disable_title":"","neve_meta_reading_time":"","_ti_tpc_template_sync":false,"_ti_tpc_template_id":""},"yoast_head":"<!-- This site is optimized with the Yoast SEO plugin v19.10 - https:\/\/yoast.com\/wordpress\/plugins\/seo\/ -->\n<title>Gotowe konfiguracje sauny - KUBU WELLNESS COMPANY - BALIE I SAUNY W TWOIM OGRODZIE - SKONFIGURUJ I ZAM\u00d3W<\/title>\n<meta name=\"robots\" content=\"index, follow, max-snippet:-1, max-image-preview:large, max-video-preview:-1\" \/>\n<link rel=\"canonical\" href=\"https:\/\/kubu-wellness.com\/en\/gotowe-konfiguracje-sauny\/\" \/>\n<meta property=\"og:locale\" content=\"en_GB\" \/>\n<meta property=\"og:type\" content=\"article\" \/>\n<meta property=\"og:title\" content=\"Gotowe konfiguracje sauny - KUBU WELLNESS COMPANY - BALIE I SAUNY W TWOIM OGRODZIE - SKONFIGURUJ I ZAM\u00d3W\" \/>\n<meta property=\"og:description\" content=\"Sauny &#8211; przyk\u0142adowe konfiguracje Sauna cylindryczna 15,000&nbsp;&#122;&#322; z VAT Dodaj do koszyka Sauna beczka 27,650&nbsp;&#122;&#322; z VAT Dodaj do koszyka\" \/>\n<meta property=\"og:url\" content=\"https:\/\/kubu-wellness.com\/en\/gotowe-konfiguracje-sauny\/\" \/>\n<meta property=\"og:site_name\" content=\"KUBU WELLNESS COMPANY - BALIE I SAUNY W TWOIM OGRODZIE - SKONFIGURUJ I ZAM\u00d3W\" \/>\n<meta property=\"article:modified_time\" content=\"2023-07-16T22:19:45+00:00\" \/>\n<meta property=\"og:image\" content=\"https:\/\/kubu-wellness.com\/wp-content\/uploads\/2022\/09\/WhatsApp-Image-2022-09-11-at-19.12.18-1.jpeg\" \/>\n<meta name=\"twitter:card\" content=\"summary_large_image\" \/>\n<script type=\"application\/ld+json\" class=\"yoast-schema-graph\">{\"@context\":\"https:\/\/schema.org\",\"@graph\":[{\"@type\":\"WebPage\",\"@id\":\"https:\/\/kubu-wellness.com\/gotowe-konfiguracje-sauny\/\",\"url\":\"https:\/\/kubu-wellness.com\/gotowe-konfiguracje-sauny\/\",\"name\":\"Gotowe konfiguracje sauny - KUBU WELLNESS COMPANY - BALIE I SAUNY W TWOIM OGRODZIE - SKONFIGURUJ I ZAM\u00d3W\",\"isPartOf\":{\"@id\":\"https:\/\/kubu-wellness.com\/#website\"},\"datePublished\":\"2022-07-18T20:34:33+00:00\",\"dateModified\":\"2023-07-16T22:19:45+00:00\",\"breadcrumb\":{\"@id\":\"https:\/\/kubu-wellness.com\/gotowe-konfiguracje-sauny\/#breadcrumb\"},\"inLanguage\":\"en-GB\",\"potentialAction\":[{\"@type\":\"ReadAction\",\"target\":[\"https:\/\/kubu-wellness.com\/gotowe-konfiguracje-sauny\/\"]}]},{\"@type\":\"BreadcrumbList\",\"@id\":\"https:\/\/kubu-wellness.com\/gotowe-konfiguracje-sauny\/#breadcrumb\",\"itemListElement\":[{\"@type\":\"ListItem\",\"position\":1,\"name\":\"Strona g\u0142\u00f3wna\",\"item\":\"https:\/\/kubu-wellness.com\/\"},{\"@type\":\"ListItem\",\"position\":2,\"name\":\"Gotowe konfiguracje sauny\"}]},{\"@type\":\"WebSite\",\"@id\":\"https:\/\/kubu-wellness.com\/#website\",\"url\":\"https:\/\/kubu-wellness.com\/\",\"name\":\"KUBU WELLNESS COMPANY - BALIE I SAUNY W TWOIM OGRODZIE - SKONFIGURUJ I ZAM\u00d3W\",\"description\":\"Podaruj sobie odrobin\u0119 relaksu - balia i sauna ogrodowa - Twoje w\u0142asne SPA. Sprawd\u017a, skonfiguruj, i zam\u00f3w!\",\"publisher\":{\"@id\":\"https:\/\/kubu-wellness.com\/#organization\"},\"potentialAction\":[{\"@type\":\"SearchAction\",\"target\":{\"@type\":\"EntryPoint\",\"urlTemplate\":\"https:\/\/kubu-wellness.com\/?s={search_term_string}\"},\"query-input\":\"required name=search_term_string\"}],\"inLanguage\":\"en-GB\"},{\"@type\":\"Organization\",\"@id\":\"https:\/\/kubu-wellness.com\/#organization\",\"name\":\"KUBU WELLNESS COMPANY - BALIE I SAUNY W TWOIM OGRODZIE - SKONFIGURUJ I ZAM\u00d3W\",\"url\":\"https:\/\/kubu-wellness.com\/\",\"logo\":{\"@type\":\"ImageObject\",\"inLanguage\":\"en-GB\",\"@id\":\"https:\/\/kubu-wellness.com\/#\/schema\/logo\/image\/\",\"url\":\"https:\/\/kubu-wellness.com\/wp-content\/uploads\/2020\/05\/cropped-pharmacy-logo.png\",\"contentUrl\":\"https:\/\/kubu-wellness.com\/wp-content\/uploads\/2020\/05\/cropped-pharmacy-logo.png\",\"width\":325,\"height\":82,\"caption\":\"KUBU WELLNESS COMPANY - BALIE I SAUNY W TWOIM OGRODZIE - SKONFIGURUJ I ZAM\u00d3W\"},\"image\":{\"@id\":\"https:\/\/kubu-wellness.com\/#\/schema\/logo\/image\/\"}}]}<\/script>\n<!-- \/ Yoast SEO plugin. -->","yoast_head_json":{"title":"Gotowe konfiguracje sauny - KUBU WELLNESS COMPANY - BALIE I SAUNY W TWOIM OGRODZIE - SKONFIGURUJ I ZAM\u00d3W","robots":{"index":"index","follow":"follow","max-snippet":"max-snippet:-1","max-image-preview":"max-image-preview:large","max-video-preview":"max-video-preview:-1"},"canonical":"https:\/\/kubu-wellness.com\/en\/gotowe-konfiguracje-sauny\/","og_locale":"en_GB","og_type":"article","og_title":"Gotowe konfiguracje sauny - KUBU WELLNESS COMPANY - BALIE I SAUNY W TWOIM OGRODZIE - SKONFIGURUJ I ZAM\u00d3W","og_description":"Sauny &#8211; przyk\u0142adowe konfiguracje Sauna cylindryczna 15,000&nbsp;&#122;&#322; z VAT Dodaj do koszyka Sauna beczka 27,650&nbsp;&#122;&#322; z VAT Dodaj do koszyka","og_url":"https:\/\/kubu-wellness.com\/en\/gotowe-konfiguracje-sauny\/","og_site_name":"KUBU WELLNESS COMPANY - BALIE I SAUNY W TWOIM OGRODZIE - SKONFIGURUJ I ZAM\u00d3W","article_modified_time":"2023-07-16T22:19:45+00:00","og_image":[{"url":"https:\/\/kubu-wellness.com\/wp-content\/uploads\/2022\/09\/WhatsApp-Image-2022-09-11-at-19.12.18-1.jpeg"}],"twitter_card":"summary_large_image","schema":{"@context":"https:\/\/schema.org","@graph":[{"@type":"WebPage","@id":"https:\/\/kubu-wellness.com\/gotowe-konfiguracje-sauny\/","url":"https:\/\/kubu-wellness.com\/gotowe-konfiguracje-sauny\/","name":"Gotowe konfiguracje sauny - KUBU WELLNESS COMPANY - BALIE I SAUNY W TWOIM OGRODZIE - SKONFIGURUJ I ZAM\u00d3W","isPartOf":{"@id":"https:\/\/kubu-wellness.com\/#website"},"datePublished":"2022-07-18T20:34:33+00:00","dateModified":"2023-07-16T22:19:45+00:00","breadcrumb":{"@id":"https:\/\/kubu-wellness.com\/gotowe-konfiguracje-sauny\/#breadcrumb"},"inLanguage":"en-GB","potentialAction":[{"@type":"ReadAction","target":["https:\/\/kubu-wellness.com\/gotowe-konfiguracje-sauny\/"]}]},{"@type":"BreadcrumbList","@id":"https:\/\/kubu-wellness.com\/gotowe-konfiguracje-sauny\/#breadcrumb","itemListElement":[{"@type":"ListItem","position":1,"name":"Strona g\u0142\u00f3wna","item":"https:\/\/kubu-wellness.com\/"},{"@type":"ListItem","position":2,"name":"Gotowe konfiguracje sauny"}]},{"@type":"WebSite","@id":"https:\/\/kubu-wellness.com\/#website","url":"https:\/\/kubu-wellness.com\/","name":"KUBU WELLNESS COMPANY - BALIE I SAUNY W TWOIM OGRODZIE - SKONFIGURUJ I ZAM\u00d3W","description":"Podaruj sobie odrobin\u0119 relaksu - balia i sauna ogrodowa - Twoje w\u0142asne SPA. Sprawd\u017a, skonfiguruj, i zam\u00f3w!","publisher":{"@id":"https:\/\/kubu-wellness.com\/#organization"},"potentialAction":[{"@type":"SearchAction","target":{"@type":"EntryPoint","urlTemplate":"https:\/\/kubu-wellness.com\/?s={search_term_string}"},"query-input":"required name=search_term_string"}],"inLanguage":"en-GB"},{"@type":"Organization","@id":"https:\/\/kubu-wellness.com\/#organization","name":"KUBU WELLNESS COMPANY - BALIE I SAUNY W TWOIM OGRODZIE - SKONFIGURUJ I ZAM\u00d3W","url":"https:\/\/kubu-wellness.com\/","logo":{"@type":"ImageObject","inLanguage":"en-GB","@id":"https:\/\/kubu-wellness.com\/#\/schema\/logo\/image\/","url":"https:\/\/kubu-wellness.com\/wp-content\/uploads\/2020\/05\/cropped-pharmacy-logo.png","contentUrl":"https:\/\/kubu-wellness.com\/wp-content\/uploads\/2020\/05\/cropped-pharmacy-logo.png","width":325,"height":82,"caption":"KUBU WELLNESS COMPANY - BALIE I SAUNY W TWOIM OGRODZIE - SKONFIGURUJ I ZAM\u00d3W"},"image":{"@id":"https:\/\/kubu-wellness.com\/#\/schema\/logo\/image\/"}}]}},"_links":{"self":[{"href":"https:\/\/kubu-wellness.com\/en\/wp-json\/wp\/v2\/pages\/1158"}],"collection":[{"href":"https:\/\/kubu-wellness.com\/en\/wp-json\/wp\/v2\/pages"}],"about":[{"href":"https:\/\/kubu-wellness.com\/en\/wp-json\/wp\/v2\/types\/page"}],"author":[{"embeddable":true,"href":"https:\/\/kubu-wellness.com\/en\/wp-json\/wp\/v2\/users\/3"}],"replies":[{"embeddable":true,"href":"https:\/\/kubu-wellness.com\/en\/wp-json\/wp\/v2\/comments?post=1158"}],"version-history":[{"count":19,"href":"https:\/\/kubu-wellness.com\/en\/wp-json\/wp\/v2\/pages\/1158\/revisions"}],"predecessor-version":[{"id":2353,"href":"https:\/\/kubu-wellness.com\/en\/wp-json\/wp\/v2\/pages\/1158\/revisions\/2353"}],"wp:attachment":[{"href":"https:\/\/kubu-wellness.com\/en\/wp-json\/wp\/v2\/media?parent=1158"}],"curies":[{"name":"wp","href":"https:\/\/api.w.org\/{rel}","templated":true}]}}