{"id":1505,"date":"2022-08-16T13:06:23","date_gmt":"2022-08-16T13:06:23","guid":{"rendered":"https:\/\/kubu-wellness.com\/?page_id=1505"},"modified":"2022-09-07T20:41:15","modified_gmt":"2022-09-07T20:41:15","slug":"blog","status":"publish","type":"page","link":"https:\/\/kubu-wellness.com\/en\/blog\/","title":{"rendered":"BLOG"},"content":{"rendered":"<p><\/p>\n\n\n\n<h1 class=\"has-text-align-center wp-block-heading\">WELCOME TO OUR BLOG!<\/h1>\n\n\n<ul class=\"wp-block-latest-posts__list is-grid columns-3 has-dates wp-block-latest-posts\"><li><div class=\"wp-block-latest-posts__featured-image aligncenter\"><img width=\"300\" height=\"174\" src=\"https:\/\/kubu-wellness.com\/wp-content\/uploads\/2022\/08\/WhatsApp-Image-2022-08-16-at-13.38.51-2-300x174.jpeg\" class=\"attachment-medium size-medium wp-post-image\" alt=\"\" decoding=\"async\" loading=\"lazy\" style=\"\" srcset=\"https:\/\/kubu-wellness.com\/wp-content\/uploads\/2022\/08\/WhatsApp-Image-2022-08-16-at-13.38.51-2-300x174.jpeg 300w, https:\/\/kubu-wellness.com\/wp-content\/uploads\/2022\/08\/WhatsApp-Image-2022-08-16-at-13.38.51-2-768x445.jpeg 768w, https:\/\/kubu-wellness.com\/wp-content\/uploads\/2022\/08\/WhatsApp-Image-2022-08-16-at-13.38.51-2-18x10.jpeg 18w, https:\/\/kubu-wellness.com\/wp-content\/uploads\/2022\/08\/WhatsApp-Image-2022-08-16-at-13.38.51-2-600x348.jpeg 600w, https:\/\/kubu-wellness.com\/wp-content\/uploads\/2022\/08\/WhatsApp-Image-2022-08-16-at-13.38.51-2.jpeg 881w\" sizes=\"(max-width: 300px) 100vw, 300px\" \/><\/div><a class=\"wp-block-latest-posts__post-title\" href=\"https:\/\/kubu-wellness.com\/en\/1486-2\/\">Water Treatment - Chlorine or Oxygen?<\/a><time datetime=\"2022-08-16T12:26:39+02:00\" class=\"wp-block-latest-posts__post-date\">August 16, 2022<\/time><div class=\"wp-block-latest-posts__post-excerpt\">A bathtub with a hydromassage system guarantees a lot of pleasure, but it is also a duty resulting from its use, i.e. consistent care for its cleanliness and hygiene. Keeping your water clean is extremely important to your health. Remember that heating the water affects the growth of bacteria and microorganisms. Water purification is imperative. What? Chlorine is the most popular, cheapest and fastest method of water disinfection, it effectively eliminates ...&nbsp;<a href=\"https:\/\/kubu-wellness.com\/en\/1486-2\/\" class=\"\" rel=\"bookmark\">Read More &raquo;<span class=\"screen-reader-text\">Water Treatment - Chlorine or Oxygen?<\/span><\/a><\/div><\/li>\n<\/ul>","protected":false},"excerpt":{"rendered":"<p>WELCOME TO OUR BLOG!<\/p>","protected":false},"author":3,"featured_media":0,"parent":0,"menu_order":0,"comment_status":"closed","ping_status":"closed","template":"","meta":{"neve_meta_sidebar":"","neve_meta_container":"","neve_meta_enable_content_width":"","neve_meta_content_width":0,"neve_meta_title_alignment":"","neve_meta_author_avatar":"","neve_post_elements_order":"","neve_meta_disable_header":"","neve_meta_disable_footer":"","neve_meta_disable_title":"","neve_meta_reading_time":"","_ti_tpc_template_sync":false,"_ti_tpc_template_id":""},"yoast_head":"<!-- This site is optimized with the Yoast SEO plugin v19.10 - https:\/\/yoast.com\/wordpress\/plugins\/seo\/ -->\n<title>BLOG - KUBU WELLNESS COMPANY - BALIE I SAUNY W TWOIM OGRODZIE - SKONFIGURUJ I ZAM\u00d3W<\/title>\n<meta name=\"robots\" content=\"index, follow, max-snippet:-1, max-image-preview:large, max-video-preview:-1\" \/>\n<link rel=\"canonical\" href=\"https:\/\/kubu-wellness.com\/en\/blog\/\" \/>\n<meta property=\"og:locale\" content=\"en_GB\" \/>\n<meta property=\"og:type\" content=\"article\" \/>\n<meta property=\"og:title\" content=\"BLOG - KUBU WELLNESS COMPANY - BALIE I SAUNY W TWOIM OGRODZIE - SKONFIGURUJ I ZAM\u00d3W\" \/>\n<meta property=\"og:description\" content=\"WITAMY NA NASZYM BLOGU!\" \/>\n<meta property=\"og:url\" content=\"https:\/\/kubu-wellness.com\/en\/blog\/\" \/>\n<meta property=\"og:site_name\" content=\"KUBU WELLNESS COMPANY - BALIE I SAUNY W TWOIM OGRODZIE - SKONFIGURUJ I ZAM\u00d3W\" \/>\n<meta property=\"article:modified_time\" content=\"2022-09-07T20:41:15+00:00\" \/>\n<meta name=\"twitter:card\" content=\"summary_large_image\" \/>\n<script type=\"application\/ld+json\" class=\"yoast-schema-graph\">{\"@context\":\"https:\/\/schema.org\",\"@graph\":[{\"@type\":\"WebPage\",\"@id\":\"https:\/\/kubu-wellness.com\/de\/blog\/\",\"url\":\"https:\/\/kubu-wellness.com\/de\/blog\/\",\"name\":\"BLOG - KUBU WELLNESS COMPANY - BALIE I SAUNY W TWOIM OGRODZIE - SKONFIGURUJ I ZAM\u00d3W\",\"isPartOf\":{\"@id\":\"https:\/\/kubu-wellness.com\/#website\"},\"datePublished\":\"2022-08-16T13:06:23+00:00\",\"dateModified\":\"2022-09-07T20:41:15+00:00\",\"breadcrumb\":{\"@id\":\"https:\/\/kubu-wellness.com\/de\/blog\/#breadcrumb\"},\"inLanguage\":\"en-GB\",\"potentialAction\":[{\"@type\":\"ReadAction\",\"target\":[\"https:\/\/kubu-wellness.com\/de\/blog\/\"]}]},{\"@type\":\"BreadcrumbList\",\"@id\":\"https:\/\/kubu-wellness.com\/de\/blog\/#breadcrumb\",\"itemListElement\":[{\"@type\":\"ListItem\",\"position\":1,\"name\":\"Strona g\u0142\u00f3wna\",\"item\":\"https:\/\/kubu-wellness.com\/\"},{\"@type\":\"ListItem\",\"position\":2,\"name\":\"BLOG\"}]},{\"@type\":\"WebSite\",\"@id\":\"https:\/\/kubu-wellness.com\/#website\",\"url\":\"https:\/\/kubu-wellness.com\/\",\"name\":\"KUBU WELLNESS COMPANY - BALIE I SAUNY W TWOIM OGRODZIE - SKONFIGURUJ I ZAM\u00d3W\",\"description\":\"Podaruj sobie odrobin\u0119 relaksu - balia i sauna ogrodowa - Twoje w\u0142asne SPA. Sprawd\u017a, skonfiguruj, i zam\u00f3w!\",\"publisher\":{\"@id\":\"https:\/\/kubu-wellness.com\/#organization\"},\"potentialAction\":[{\"@type\":\"SearchAction\",\"target\":{\"@type\":\"EntryPoint\",\"urlTemplate\":\"https:\/\/kubu-wellness.com\/?s={search_term_string}\"},\"query-input\":\"required name=search_term_string\"}],\"inLanguage\":\"en-GB\"},{\"@type\":\"Organization\",\"@id\":\"https:\/\/kubu-wellness.com\/#organization\",\"name\":\"KUBU WELLNESS COMPANY - BALIE I SAUNY W TWOIM OGRODZIE - SKONFIGURUJ I ZAM\u00d3W\",\"url\":\"https:\/\/kubu-wellness.com\/\",\"logo\":{\"@type\":\"ImageObject\",\"inLanguage\":\"en-GB\",\"@id\":\"https:\/\/kubu-wellness.com\/#\/schema\/logo\/image\/\",\"url\":\"https:\/\/kubu-wellness.com\/wp-content\/uploads\/2020\/05\/cropped-pharmacy-logo.png\",\"contentUrl\":\"https:\/\/kubu-wellness.com\/wp-content\/uploads\/2020\/05\/cropped-pharmacy-logo.png\",\"width\":325,\"height\":82,\"caption\":\"KUBU WELLNESS COMPANY - BALIE I SAUNY W TWOIM OGRODZIE - SKONFIGURUJ I ZAM\u00d3W\"},\"image\":{\"@id\":\"https:\/\/kubu-wellness.com\/#\/schema\/logo\/image\/\"}}]}<\/script>\n<!-- \/ Yoast SEO plugin. -->","yoast_head_json":{"title":"BLOG - KUBU WELLNESS COMPANY - BALIE I SAUNY W TWOIM OGRODZIE - SKONFIGURUJ I ZAM\u00d3W","robots":{"index":"index","follow":"follow","max-snippet":"max-snippet:-1","max-image-preview":"max-image-preview:large","max-video-preview":"max-video-preview:-1"},"canonical":"https:\/\/kubu-wellness.com\/en\/blog\/","og_locale":"en_GB","og_type":"article","og_title":"BLOG - KUBU WELLNESS COMPANY - BALIE I SAUNY W TWOIM OGRODZIE - SKONFIGURUJ I ZAM\u00d3W","og_description":"WITAMY NA NASZYM BLOGU!","og_url":"https:\/\/kubu-wellness.com\/en\/blog\/","og_site_name":"KUBU WELLNESS COMPANY - BALIE I SAUNY W TWOIM OGRODZIE - SKONFIGURUJ I ZAM\u00d3W","article_modified_time":"2022-09-07T20:41:15+00:00","twitter_card":"summary_large_image","schema":{"@context":"https:\/\/schema.org","@graph":[{"@type":"WebPage","@id":"https:\/\/kubu-wellness.com\/de\/blog\/","url":"https:\/\/kubu-wellness.com\/de\/blog\/","name":"BLOG - KUBU WELLNESS COMPANY - BALIE I SAUNY W TWOIM OGRODZIE - SKONFIGURUJ I ZAM\u00d3W","isPartOf":{"@id":"https:\/\/kubu-wellness.com\/#website"},"datePublished":"2022-08-16T13:06:23+00:00","dateModified":"2022-09-07T20:41:15+00:00","breadcrumb":{"@id":"https:\/\/kubu-wellness.com\/de\/blog\/#breadcrumb"},"inLanguage":"en-GB","potentialAction":[{"@type":"ReadAction","target":["https:\/\/kubu-wellness.com\/de\/blog\/"]}]},{"@type":"BreadcrumbList","@id":"https:\/\/kubu-wellness.com\/de\/blog\/#breadcrumb","itemListElement":[{"@type":"ListItem","position":1,"name":"Strona g\u0142\u00f3wna","item":"https:\/\/kubu-wellness.com\/"},{"@type":"ListItem","position":2,"name":"BLOG"}]},{"@type":"WebSite","@id":"https:\/\/kubu-wellness.com\/#website","url":"https:\/\/kubu-wellness.com\/","name":"KUBU WELLNESS COMPANY - BALIE I SAUNY W TWOIM OGRODZIE - SKONFIGURUJ I ZAM\u00d3W","description":"Podaruj sobie odrobin\u0119 relaksu - balia i sauna ogrodowa - Twoje w\u0142asne SPA. Sprawd\u017a, skonfiguruj, i zam\u00f3w!","publisher":{"@id":"https:\/\/kubu-wellness.com\/#organization"},"potentialAction":[{"@type":"SearchAction","target":{"@type":"EntryPoint","urlTemplate":"https:\/\/kubu-wellness.com\/?s={search_term_string}"},"query-input":"required name=search_term_string"}],"inLanguage":"en-GB"},{"@type":"Organization","@id":"https:\/\/kubu-wellness.com\/#organization","name":"KUBU WELLNESS COMPANY - BALIE I SAUNY W TWOIM OGRODZIE - SKONFIGURUJ I ZAM\u00d3W","url":"https:\/\/kubu-wellness.com\/","logo":{"@type":"ImageObject","inLanguage":"en-GB","@id":"https:\/\/kubu-wellness.com\/#\/schema\/logo\/image\/","url":"https:\/\/kubu-wellness.com\/wp-content\/uploads\/2020\/05\/cropped-pharmacy-logo.png","contentUrl":"https:\/\/kubu-wellness.com\/wp-content\/uploads\/2020\/05\/cropped-pharmacy-logo.png","width":325,"height":82,"caption":"KUBU WELLNESS COMPANY - BALIE I SAUNY W TWOIM OGRODZIE - SKONFIGURUJ I ZAM\u00d3W"},"image":{"@id":"https:\/\/kubu-wellness.com\/#\/schema\/logo\/image\/"}}]}},"_links":{"self":[{"href":"https:\/\/kubu-wellness.com\/en\/wp-json\/wp\/v2\/pages\/1505"}],"collection":[{"href":"https:\/\/kubu-wellness.com\/en\/wp-json\/wp\/v2\/pages"}],"about":[{"href":"https:\/\/kubu-wellness.com\/en\/wp-json\/wp\/v2\/types\/page"}],"author":[{"embeddable":true,"href":"https:\/\/kubu-wellness.com\/en\/wp-json\/wp\/v2\/users\/3"}],"replies":[{"embeddable":true,"href":"https:\/\/kubu-wellness.com\/en\/wp-json\/wp\/v2\/comments?post=1505"}],"version-history":[{"count":8,"href":"https:\/\/kubu-wellness.com\/en\/wp-json\/wp\/v2\/pages\/1505\/revisions"}],"predecessor-version":[{"id":1730,"href":"https:\/\/kubu-wellness.com\/en\/wp-json\/wp\/v2\/pages\/1505\/revisions\/1730"}],"wp:attachment":[{"href":"https:\/\/kubu-wellness.com\/en\/wp-json\/wp\/v2\/media?parent=1505"}],"curies":[{"name":"wp","href":"https:\/\/api.w.org\/{rel}","templated":true}]}}