{"id":979,"date":"2022-06-10T10:22:26","date_gmt":"2022-06-10T10:22:26","guid":{"rendered":"https:\/\/kubu-wellness.com\/?page_id=979"},"modified":"2023-04-17T23:56:42","modified_gmt":"2023-04-17T21:56:42","slug":"gotowe-konfiguracje-akryl","status":"publish","type":"page","link":"https:\/\/kubu-wellness.com\/en\/gotowe-konfiguracje-akryl\/","title":{"rendered":"Gotowe konfiguracje akryl"},"content":{"rendered":"<div data-elementor-type=\"wp-page\" data-elementor-id=\"979\" class=\"elementor elementor-979\">\n\t\t\t\t\t\t\t\t\t<section class=\"elementor-section elementor-top-section elementor-element elementor-element-7409f2b elementor-section-boxed elementor-section-height-default elementor-section-height-default\" data-id=\"7409f2b\" data-element_type=\"section\">\n\t\t\t\t\t\t<div class=\"elementor-container elementor-column-gap-default\">\n\t\t\t\t\t<div class=\"elementor-column elementor-col-100 elementor-top-column elementor-element elementor-element-0182729\" data-id=\"0182729\" data-element_type=\"column\">\n\t\t\t<div class=\"elementor-widget-wrap elementor-element-populated\">\n\t\t\t\t\t\t\t\t<div class=\"elementor-element elementor-element-57269ef elementor-widget elementor-widget-heading\" data-id=\"57269ef\" data-element_type=\"widget\" data-widget_type=\"heading.default\">\n\t\t\t\t<div class=\"elementor-widget-container\">\n\t\t\t<style>\/*! elementor - v3.6.5 - 27-04-2022 *\/\n.elementor-heading-title{padding:0;margin:0;line-height:1}.elementor-widget-heading .elementor-heading-title[class*=elementor-size-]>a{color:inherit;font-size:inherit;line-height:inherit}.elementor-widget-heading .elementor-heading-title.elementor-size-small{font-size:15px}.elementor-widget-heading .elementor-heading-title.elementor-size-medium{font-size:19px}.elementor-widget-heading .elementor-heading-title.elementor-size-large{font-size:29px}.elementor-widget-heading .elementor-heading-title.elementor-size-xl{font-size:39px}.elementor-widget-heading .elementor-heading-title.elementor-size-xxl{font-size:59px}<\/style><h2 class=\"elementor-heading-title elementor-size-default\">Hot tubes with acrylic inserts - ready configurations<\/h2>\t\t<\/div>\n\t\t\t\t<\/div>\n\t\t\t\t\t<\/div>\n\t\t<\/div>\n\t\t\t\t\t\t\t<\/div>\n\t\t<\/section>\n\t\t\t\t<section class=\"elementor-section elementor-top-section elementor-element elementor-element-91fba30 elementor-section-boxed elementor-section-height-default elementor-section-height-default\" data-id=\"91fba30\" data-element_type=\"section\">\n\t\t\t\t\t\t<div class=\"elementor-container elementor-column-gap-default\">\n\t\t\t\t\t<div class=\"elementor-column elementor-col-100 elementor-top-column elementor-element elementor-element-1584c30\" data-id=\"1584c30\" data-element_type=\"column\">\n\t\t\t<div class=\"elementor-widget-wrap elementor-element-populated\">\n\t\t\t\t\t\t\t\t<div class=\"elementor-element elementor-element-2aef1a0 elementor-widget elementor-widget-obfx-posts-grid\" data-id=\"2aef1a0\" data-element_type=\"widget\" data-widget_type=\"obfx-posts-grid.default\">\n\t\t\t\t<div class=\"elementor-widget-container\">\n\t\t\t<div class=\"obfx-grid\"><div class=\"obfx-grid-container obfx-grid-mobile-2 obfx-grid-desktop-3\"><div class=\"obfx-grid-wrapper\"><article class=\"obfx-grid-col\"><div class=\"obfx-grid-col-image\" ><a href=\"https:\/\/kubu-wellness.com\/en\/product\/balia-ogrodowa-wellness-ogrzewana-elektrycznie-6-kw\/\" title=\"Wellness electrically heated  6 kW\"><img width=\"1081\" height=\"1066\" src=\"https:\/\/kubu-wellness.com\/wp-content\/uploads\/2022\/08\/Wellness-ogrzewany-elektrycznie.jpeg\" class=\"img-responsive wp-post-image\" alt=\"Wellness ogrzewany elektrycznie\" decoding=\"async\" loading=\"lazy\" srcset=\"https:\/\/kubu-wellness.com\/wp-content\/uploads\/2022\/08\/Wellness-ogrzewany-elektrycznie.jpeg 1081w, https:\/\/kubu-wellness.com\/wp-content\/uploads\/2022\/08\/Wellness-ogrzewany-elektrycznie-300x296.jpeg 300w, https:\/\/kubu-wellness.com\/wp-content\/uploads\/2022\/08\/Wellness-ogrzewany-elektrycznie-1024x1010.jpeg 1024w, https:\/\/kubu-wellness.com\/wp-content\/uploads\/2022\/08\/Wellness-ogrzewany-elektrycznie-768x757.jpeg 768w, https:\/\/kubu-wellness.com\/wp-content\/uploads\/2022\/08\/Wellness-ogrzewany-elektrycznie-12x12.jpeg 12w, https:\/\/kubu-wellness.com\/wp-content\/uploads\/2022\/08\/Wellness-ogrzewany-elektrycznie-600x592.jpeg 600w, https:\/\/kubu-wellness.com\/wp-content\/uploads\/2022\/08\/Wellness-ogrzewany-elektrycznie-100x100.jpeg 100w\" sizes=\"(max-width: 1081px) 100vw, 1081px\" \/><\/a><\/div><div class=\"obfx-grid-col-content\">\t\t\t<h2 class=\"entry-title obfx-grid-title\">\n\t\t\t\t\t\t\t<a href=\"https:\/\/kubu-wellness.com\/en\/product\/balia-ogrodowa-wellness-ogrzewana-elektrycznie-6-kw\/\" title=\"Wellness electrically heated  6 kW\">\n\t\t\t\t\tWellness electrically heated  6 kW\t\t\t\t<\/a>\n\t\t\t\t\t\t\t<\/h2>\n\t\t\t\t\t\t<div class=\"obfx-grid-price\">\n\t\t\t\t<span class=\"woocs_price_code\"><span class=\"woocommerce-Price-amount amount\">27,060&nbsp;<span class=\"woocommerce-Price-currencySymbol\">&#122;&#322;<\/span><\/span> with VAT<\/span>\t\t\t<\/div>\n\t\t\t<div class=\"obfx-grid-footer\"><a href=\"?add-to-cart=1659\" title=\"Add to Cart\" rel=\"nofollow\" data-no-translation=\"\" data-trp-gettext=\"\" data-no-translation-title=\"\">Add to Cart<\/a><\/div><\/div><\/article><\/div><div class=\"obfx-grid-wrapper\"><article class=\"obfx-grid-col\"><div class=\"obfx-grid-col-image\" ><a href=\"https:\/\/kubu-wellness.com\/en\/product\/balia-ogrodowa-delux-2\/\" title=\"Delux with external heater\"><img width=\"742\" height=\"760\" src=\"https:\/\/kubu-wellness.com\/wp-content\/uploads\/2022\/06\/5dea4db6-da42-4735-a6f0-535d218943fa-e1661723438293.jpg\" class=\"img-responsive wp-post-image\" alt=\"Balie akrylowe\" decoding=\"async\" loading=\"lazy\" srcset=\"https:\/\/kubu-wellness.com\/wp-content\/uploads\/2022\/06\/5dea4db6-da42-4735-a6f0-535d218943fa-e1661723438293.jpg 742w, https:\/\/kubu-wellness.com\/wp-content\/uploads\/2022\/06\/5dea4db6-da42-4735-a6f0-535d218943fa-e1661723438293-293x300.jpg 293w, https:\/\/kubu-wellness.com\/wp-content\/uploads\/2022\/06\/5dea4db6-da42-4735-a6f0-535d218943fa-e1661723438293-12x12.jpg 12w, https:\/\/kubu-wellness.com\/wp-content\/uploads\/2022\/06\/5dea4db6-da42-4735-a6f0-535d218943fa-e1661723438293-600x615.jpg 600w\" sizes=\"(max-width: 742px) 100vw, 742px\" \/><\/a><\/div><div class=\"obfx-grid-col-content\">\t\t\t<h2 class=\"entry-title obfx-grid-title\">\n\t\t\t\t\t\t\t<a href=\"https:\/\/kubu-wellness.com\/en\/product\/balia-ogrodowa-delux-2\/\" title=\"Delux with external heater\">\n\t\t\t\t\tDelux with external heater\t\t\t\t<\/a>\n\t\t\t\t\t\t\t<\/h2>\n\t\t\t\t\t\t<div class=\"obfx-grid-price\">\n\t\t\t\t<span class=\"woocs_price_code\"><span class=\"woocommerce-Price-amount amount\">31,365&nbsp;<span class=\"woocommerce-Price-currencySymbol\">&#122;&#322;<\/span><\/span> with VAT<\/span>\t\t\t<\/div>\n\t\t\t<div class=\"obfx-grid-footer\"><a href=\"?add-to-cart=1042\" title=\"Add to Cart\" rel=\"nofollow\" data-no-translation=\"\" data-trp-gettext=\"\" data-no-translation-title=\"\">Add to Cart<\/a><\/div><\/div><\/article><\/div><div class=\"obfx-grid-wrapper\"><article class=\"obfx-grid-col\"><div class=\"obfx-grid-col-image\" ><a href=\"https:\/\/kubu-wellness.com\/en\/product\/balia-ogrodowa-delux\/\" title=\"Delux 2 with integrated heater\"><img width=\"3668\" height=\"3511\" src=\"https:\/\/kubu-wellness.com\/wp-content\/uploads\/2023\/02\/1b.-DELUX-zintegrowana.png\" class=\"img-responsive wp-post-image\" alt=\"1b. DELUX &#8211; zintegrowana\" decoding=\"async\" loading=\"lazy\" srcset=\"https:\/\/kubu-wellness.com\/wp-content\/uploads\/2023\/02\/1b.-DELUX-zintegrowana.png 3668w, https:\/\/kubu-wellness.com\/wp-content\/uploads\/2023\/02\/1b.-DELUX-zintegrowana-300x287.png 300w, https:\/\/kubu-wellness.com\/wp-content\/uploads\/2023\/02\/1b.-DELUX-zintegrowana-1024x980.png 1024w, https:\/\/kubu-wellness.com\/wp-content\/uploads\/2023\/02\/1b.-DELUX-zintegrowana-768x735.png 768w, https:\/\/kubu-wellness.com\/wp-content\/uploads\/2023\/02\/1b.-DELUX-zintegrowana-1536x1470.png 1536w, https:\/\/kubu-wellness.com\/wp-content\/uploads\/2023\/02\/1b.-DELUX-zintegrowana-2048x1960.png 2048w, https:\/\/kubu-wellness.com\/wp-content\/uploads\/2023\/02\/1b.-DELUX-zintegrowana-13x12.png 13w, https:\/\/kubu-wellness.com\/wp-content\/uploads\/2023\/02\/1b.-DELUX-zintegrowana-600x574.png 600w\" sizes=\"(max-width: 3668px) 100vw, 3668px\" \/><\/a><\/div><div class=\"obfx-grid-col-content\">\t\t\t<h2 class=\"entry-title obfx-grid-title\">\n\t\t\t\t\t\t\t<a href=\"https:\/\/kubu-wellness.com\/en\/product\/balia-ogrodowa-delux\/\" title=\"Delux 2 with integrated heater\">\n\t\t\t\t\tDelux 2 with integrated heater\t\t\t\t<\/a>\n\t\t\t\t\t\t\t<\/h2>\n\t\t\t\t\t\t<div class=\"obfx-grid-price\">\n\t\t\t\t<span class=\"woocs_price_code\"><span class=\"woocommerce-Price-amount amount\">19,926&nbsp;<span class=\"woocommerce-Price-currencySymbol\">&#122;&#322;<\/span><\/span> with VAT<\/span>\t\t\t<\/div>\n\t\t\t<div class=\"obfx-grid-footer\"><a href=\"?add-to-cart=1032\" title=\"Add to Cart\" rel=\"nofollow\" data-no-translation=\"\" data-trp-gettext=\"\" data-no-translation-title=\"\">Add to Cart<\/a><\/div><\/div><\/article><\/div><\/div><!-- .obfx-grid-container --><\/div><!-- .obfx-grid -->\t\t<\/div>\n\t\t\t\t<\/div>\n\t\t\t\t\t<\/div>\n\t\t<\/div>\n\t\t\t\t\t\t\t<\/div>\n\t\t<\/section>\n\t\t\t\t\t\t\t<\/div>","protected":false},"excerpt":{"rendered":"<p>Balie akrylowe &#8211; gotowe konfiguracje Balia ogrodowa wellness ogrzewana elektrycznie 6 kW 27,060&nbsp;&#122;&#322; z VAT Dodaj do koszyka Balia ogrodowa Delux 31,365&nbsp;&#122;&#322; z VAT Dodaj do koszyka Balia ogrodowa Delux 2 19,926&nbsp;&#122;&#322; z VAT Dodaj do koszyka<\/p>","protected":false},"author":3,"featured_media":0,"parent":0,"menu_order":0,"comment_status":"closed","ping_status":"closed","template":"page-templates\/template-pagebuilder-full-width.php","meta":{"neve_meta_sidebar":"","neve_meta_container":"","neve_meta_enable_content_width":"","neve_meta_content_width":0,"neve_meta_title_alignment":"","neve_meta_author_avatar":"","neve_post_elements_order":"","neve_meta_disable_header":"","neve_meta_disable_footer":"","neve_meta_disable_title":"","neve_meta_reading_time":"","_ti_tpc_template_sync":false,"_ti_tpc_template_id":""},"yoast_head":"<!-- This site is optimized with the Yoast SEO plugin v19.10 - https:\/\/yoast.com\/wordpress\/plugins\/seo\/ -->\n<title>Gotowe konfiguracje akryl - KUBU WELLNESS COMPANY - BALIE I SAUNY W TWOIM OGRODZIE - SKONFIGURUJ I ZAM\u00d3W<\/title>\n<meta name=\"robots\" content=\"index, follow, max-snippet:-1, max-image-preview:large, max-video-preview:-1\" \/>\n<link rel=\"canonical\" href=\"https:\/\/kubu-wellness.com\/en\/gotowe-konfiguracje-akryl\/\" \/>\n<meta property=\"og:locale\" content=\"en_GB\" \/>\n<meta property=\"og:type\" content=\"article\" \/>\n<meta property=\"og:title\" content=\"Gotowe konfiguracje akryl - KUBU WELLNESS COMPANY - BALIE I SAUNY W TWOIM OGRODZIE - SKONFIGURUJ I ZAM\u00d3W\" \/>\n<meta property=\"og:description\" content=\"Balie akrylowe &#8211; gotowe konfiguracje Balia ogrodowa wellness ogrzewana elektrycznie 6 kW 27,060&nbsp;&#122;&#322; z VAT Dodaj do koszyka Balia ogrodowa Delux 31,365&nbsp;&#122;&#322; z VAT Dodaj do koszyka Balia ogrodowa Delux 2 19,926&nbsp;&#122;&#322; z VAT Dodaj do koszyka\" \/>\n<meta property=\"og:url\" content=\"https:\/\/kubu-wellness.com\/en\/gotowe-konfiguracje-akryl\/\" \/>\n<meta property=\"og:site_name\" content=\"KUBU WELLNESS COMPANY - BALIE I SAUNY W TWOIM OGRODZIE - SKONFIGURUJ I ZAM\u00d3W\" \/>\n<meta property=\"article:modified_time\" content=\"2023-04-17T21:56:42+00:00\" \/>\n<meta property=\"og:image\" content=\"https:\/\/kubu-wellness.com\/wp-content\/uploads\/2022\/08\/Wellness-ogrzewany-elektrycznie.jpeg\" \/>\n<meta name=\"twitter:card\" content=\"summary_large_image\" \/>\n<script type=\"application\/ld+json\" class=\"yoast-schema-graph\">{\"@context\":\"https:\/\/schema.org\",\"@graph\":[{\"@type\":\"WebPage\",\"@id\":\"https:\/\/kubu-wellness.com\/gotowe-konfiguracje-akryl\/\",\"url\":\"https:\/\/kubu-wellness.com\/gotowe-konfiguracje-akryl\/\",\"name\":\"Gotowe konfiguracje akryl - KUBU WELLNESS COMPANY - BALIE I SAUNY W TWOIM OGRODZIE - SKONFIGURUJ I ZAM\u00d3W\",\"isPartOf\":{\"@id\":\"https:\/\/kubu-wellness.com\/#website\"},\"datePublished\":\"2022-06-10T10:22:26+00:00\",\"dateModified\":\"2023-04-17T21:56:42+00:00\",\"breadcrumb\":{\"@id\":\"https:\/\/kubu-wellness.com\/gotowe-konfiguracje-akryl\/#breadcrumb\"},\"inLanguage\":\"en-GB\",\"potentialAction\":[{\"@type\":\"ReadAction\",\"target\":[\"https:\/\/kubu-wellness.com\/gotowe-konfiguracje-akryl\/\"]}]},{\"@type\":\"BreadcrumbList\",\"@id\":\"https:\/\/kubu-wellness.com\/gotowe-konfiguracje-akryl\/#breadcrumb\",\"itemListElement\":[{\"@type\":\"ListItem\",\"position\":1,\"name\":\"Strona g\u0142\u00f3wna\",\"item\":\"https:\/\/kubu-wellness.com\/\"},{\"@type\":\"ListItem\",\"position\":2,\"name\":\"Gotowe konfiguracje akryl\"}]},{\"@type\":\"WebSite\",\"@id\":\"https:\/\/kubu-wellness.com\/#website\",\"url\":\"https:\/\/kubu-wellness.com\/\",\"name\":\"KUBU WELLNESS COMPANY - BALIE I SAUNY W TWOIM OGRODZIE - SKONFIGURUJ I ZAM\u00d3W\",\"description\":\"Podaruj sobie odrobin\u0119 relaksu - balia i sauna ogrodowa - Twoje w\u0142asne SPA. Sprawd\u017a, skonfiguruj, i zam\u00f3w!\",\"publisher\":{\"@id\":\"https:\/\/kubu-wellness.com\/#organization\"},\"potentialAction\":[{\"@type\":\"SearchAction\",\"target\":{\"@type\":\"EntryPoint\",\"urlTemplate\":\"https:\/\/kubu-wellness.com\/?s={search_term_string}\"},\"query-input\":\"required name=search_term_string\"}],\"inLanguage\":\"en-GB\"},{\"@type\":\"Organization\",\"@id\":\"https:\/\/kubu-wellness.com\/#organization\",\"name\":\"KUBU WELLNESS COMPANY - BALIE I SAUNY W TWOIM OGRODZIE - SKONFIGURUJ I ZAM\u00d3W\",\"url\":\"https:\/\/kubu-wellness.com\/\",\"logo\":{\"@type\":\"ImageObject\",\"inLanguage\":\"en-GB\",\"@id\":\"https:\/\/kubu-wellness.com\/#\/schema\/logo\/image\/\",\"url\":\"https:\/\/kubu-wellness.com\/wp-content\/uploads\/2020\/05\/cropped-pharmacy-logo.png\",\"contentUrl\":\"https:\/\/kubu-wellness.com\/wp-content\/uploads\/2020\/05\/cropped-pharmacy-logo.png\",\"width\":325,\"height\":82,\"caption\":\"KUBU WELLNESS COMPANY - BALIE I SAUNY W TWOIM OGRODZIE - SKONFIGURUJ I ZAM\u00d3W\"},\"image\":{\"@id\":\"https:\/\/kubu-wellness.com\/#\/schema\/logo\/image\/\"}}]}<\/script>\n<!-- \/ Yoast SEO plugin. -->","yoast_head_json":{"title":"Gotowe konfiguracje akryl - KUBU WELLNESS COMPANY - BALIE I SAUNY W TWOIM OGRODZIE - SKONFIGURUJ I ZAM\u00d3W","robots":{"index":"index","follow":"follow","max-snippet":"max-snippet:-1","max-image-preview":"max-image-preview:large","max-video-preview":"max-video-preview:-1"},"canonical":"https:\/\/kubu-wellness.com\/en\/gotowe-konfiguracje-akryl\/","og_locale":"en_GB","og_type":"article","og_title":"Gotowe konfiguracje akryl - KUBU WELLNESS COMPANY - BALIE I SAUNY W TWOIM OGRODZIE - SKONFIGURUJ I ZAM\u00d3W","og_description":"Balie akrylowe &#8211; gotowe konfiguracje Balia ogrodowa wellness ogrzewana elektrycznie 6 kW 27,060&nbsp;&#122;&#322; z VAT Dodaj do koszyka Balia ogrodowa Delux 31,365&nbsp;&#122;&#322; z VAT Dodaj do koszyka Balia ogrodowa Delux 2 19,926&nbsp;&#122;&#322; z VAT Dodaj do koszyka","og_url":"https:\/\/kubu-wellness.com\/en\/gotowe-konfiguracje-akryl\/","og_site_name":"KUBU WELLNESS COMPANY - BALIE I SAUNY W TWOIM OGRODZIE - SKONFIGURUJ I ZAM\u00d3W","article_modified_time":"2023-04-17T21:56:42+00:00","og_image":[{"url":"https:\/\/kubu-wellness.com\/wp-content\/uploads\/2022\/08\/Wellness-ogrzewany-elektrycznie.jpeg"}],"twitter_card":"summary_large_image","schema":{"@context":"https:\/\/schema.org","@graph":[{"@type":"WebPage","@id":"https:\/\/kubu-wellness.com\/gotowe-konfiguracje-akryl\/","url":"https:\/\/kubu-wellness.com\/gotowe-konfiguracje-akryl\/","name":"Gotowe konfiguracje akryl - KUBU WELLNESS COMPANY - BALIE I SAUNY W TWOIM OGRODZIE - SKONFIGURUJ I ZAM\u00d3W","isPartOf":{"@id":"https:\/\/kubu-wellness.com\/#website"},"datePublished":"2022-06-10T10:22:26+00:00","dateModified":"2023-04-17T21:56:42+00:00","breadcrumb":{"@id":"https:\/\/kubu-wellness.com\/gotowe-konfiguracje-akryl\/#breadcrumb"},"inLanguage":"en-GB","potentialAction":[{"@type":"ReadAction","target":["https:\/\/kubu-wellness.com\/gotowe-konfiguracje-akryl\/"]}]},{"@type":"BreadcrumbList","@id":"https:\/\/kubu-wellness.com\/gotowe-konfiguracje-akryl\/#breadcrumb","itemListElement":[{"@type":"ListItem","position":1,"name":"Strona g\u0142\u00f3wna","item":"https:\/\/kubu-wellness.com\/"},{"@type":"ListItem","position":2,"name":"Gotowe konfiguracje akryl"}]},{"@type":"WebSite","@id":"https:\/\/kubu-wellness.com\/#website","url":"https:\/\/kubu-wellness.com\/","name":"KUBU WELLNESS COMPANY - BALIE I SAUNY W TWOIM OGRODZIE - SKONFIGURUJ I ZAM\u00d3W","description":"Podaruj sobie odrobin\u0119 relaksu - balia i sauna ogrodowa - Twoje w\u0142asne SPA. Sprawd\u017a, skonfiguruj, i zam\u00f3w!","publisher":{"@id":"https:\/\/kubu-wellness.com\/#organization"},"potentialAction":[{"@type":"SearchAction","target":{"@type":"EntryPoint","urlTemplate":"https:\/\/kubu-wellness.com\/?s={search_term_string}"},"query-input":"required name=search_term_string"}],"inLanguage":"en-GB"},{"@type":"Organization","@id":"https:\/\/kubu-wellness.com\/#organization","name":"KUBU WELLNESS COMPANY - BALIE I SAUNY W TWOIM OGRODZIE - SKONFIGURUJ I ZAM\u00d3W","url":"https:\/\/kubu-wellness.com\/","logo":{"@type":"ImageObject","inLanguage":"en-GB","@id":"https:\/\/kubu-wellness.com\/#\/schema\/logo\/image\/","url":"https:\/\/kubu-wellness.com\/wp-content\/uploads\/2020\/05\/cropped-pharmacy-logo.png","contentUrl":"https:\/\/kubu-wellness.com\/wp-content\/uploads\/2020\/05\/cropped-pharmacy-logo.png","width":325,"height":82,"caption":"KUBU WELLNESS COMPANY - BALIE I SAUNY W TWOIM OGRODZIE - SKONFIGURUJ I ZAM\u00d3W"},"image":{"@id":"https:\/\/kubu-wellness.com\/#\/schema\/logo\/image\/"}}]}},"_links":{"self":[{"href":"https:\/\/kubu-wellness.com\/en\/wp-json\/wp\/v2\/pages\/979"}],"collection":[{"href":"https:\/\/kubu-wellness.com\/en\/wp-json\/wp\/v2\/pages"}],"about":[{"href":"https:\/\/kubu-wellness.com\/en\/wp-json\/wp\/v2\/types\/page"}],"author":[{"embeddable":true,"href":"https:\/\/kubu-wellness.com\/en\/wp-json\/wp\/v2\/users\/3"}],"replies":[{"embeddable":true,"href":"https:\/\/kubu-wellness.com\/en\/wp-json\/wp\/v2\/comments?post=979"}],"version-history":[{"count":38,"href":"https:\/\/kubu-wellness.com\/en\/wp-json\/wp\/v2\/pages\/979\/revisions"}],"predecessor-version":[{"id":2221,"href":"https:\/\/kubu-wellness.com\/en\/wp-json\/wp\/v2\/pages\/979\/revisions\/2221"}],"wp:attachment":[{"href":"https:\/\/kubu-wellness.com\/en\/wp-json\/wp\/v2\/media?parent=979"}],"curies":[{"name":"wp","href":"https:\/\/api.w.org\/{rel}","templated":true}]}}