{"id":1042,"date":"2022-06-20T21:49:55","date_gmt":"2022-06-20T21:49:55","guid":{"rendered":"https:\/\/kubu-wellness.com\/?post_type=product&#038;p=1042"},"modified":"2025-05-19T05:03:40","modified_gmt":"2025-05-19T03:03:40","slug":"balia-ogrodowa-delux-2","status":"publish","type":"product","link":"https:\/\/kubu-wellness.com\/en\/product\/balia-ogrodowa-delux-2\/","title":{"rendered":"Delux with external heater"},"content":{"rendered":"<p><strong>Equipment:<\/strong><\/p>\n<p>Hydromassage system 14 nozzles \/ pump 2.2 kW<\/p>\n<p>20 nozzles aeration system<\/p>\n<p>Filtration system with a UV lamp<\/p>\n<p>Thermal cover<\/p>\n<p>Mini led lighting inside \/ 10 mini leds<\/p>\n<p>2 barrel clamps<\/p>\n<p>Acrylic insert insulation \/ warming<\/p>\n<p>Outer casing \/ thermal wood<\/p>\n<p>External impregnation \/ black oil<\/p>\n<p>Water stirrer \/ paddle<\/p>\n<p>Type C stairs \/ right or left turning<\/p>\n<p>&nbsp;<\/p>\n<p>&nbsp;<\/p>","protected":false},"excerpt":{"rendered":"<p><strong>Delivery time:<\/strong> from 3 to 5 weeks<\/p>\n<p><strong>Technical parameters:<\/strong><\/p>\n<p>Outer diameter: 225 cm<\/p>\n<p>Internal diameter: 204 cm<\/p>\n<p>Height: 106 cm<\/p>\n<p>Depth: 88 cm<\/p>\n<p>Bench width: 35 cm<\/p>\n<p>Bench height: 27 cm<\/p>\n<p>Stove (35KW) made of 304 stainless steel<\/p>\n<p>Chimney 2m + drip cap<\/p>\n<p>Capacity 1500 - 1700 l<\/p>\n<p>Water heating time: 2.5 - 3 hours<\/p>\n<p>Recommended for: 6 - 8 people<\/p>","protected":false},"featured_media":1043,"comment_status":"open","ping_status":"closed","template":"","meta":{"neve_meta_sidebar":"","neve_meta_container":"","neve_meta_enable_content_width":"off","neve_meta_content_width":100,"neve_meta_title_alignment":"","neve_meta_author_avatar":"","neve_post_elements_order":"","neve_meta_disable_header":"","neve_meta_disable_footer":"","neve_meta_disable_title":"","neve_meta_reading_time":"","_ti_tpc_template_sync":false,"_ti_tpc_template_id":""},"product_cat":[23],"product_tag":[115,116,120,114,121,117,118,119],"yoast_head":"<!-- This site is optimized with the Yoast SEO plugin v19.10 - https:\/\/yoast.com\/wordpress\/plugins\/seo\/ -->\n<title>Balia ogrodowa Delux - KUBU WELLNESS COMPANY - BALIE I SAUNY W TWOIM OGRODZIE - SKONFIGURUJ I ZAM\u00d3W<\/title>\n<meta name=\"robots\" content=\"index, follow, max-snippet:-1, max-image-preview:large, max-video-preview:-1\" \/>\n<link rel=\"canonical\" href=\"https:\/\/kubu-wellness.com\/en\/product\/balia-ogrodowa-delux-2\/\" \/>\n<meta property=\"og:locale\" content=\"en_GB\" \/>\n<meta property=\"og:type\" content=\"article\" \/>\n<meta property=\"og:title\" content=\"Balia ogrodowa Delux - KUBU WELLNESS COMPANY - BALIE I SAUNY W TWOIM OGRODZIE - SKONFIGURUJ I ZAM\u00d3W\" \/>\n<meta property=\"og:description\" content=\"Czas realizacji zam\u00f3wienia: od 3 do 5 tygodni  Parametry techniczne:  \u015arednica zewn\u0119trzna: 225 cm  \u015arednica wewn\u0119trzna: 204 cm  Wysoko\u015b\u0107: 106 cm  G\u0142\u0119boko\u015b\u0107: 88 cm  Szeroko\u015b\u0107 \u0142awki: 35 cm  Wysoko\u015b\u0107 \u0142awki: 27 cm  Piec (35KW) wykonany ze stali nierdzewnej 304  Komin 2m + okapnik  Pojemno\u015b\u0107 1500 - 1700 l  Czas nagrzewania wody: 2,5 - 3 godziny  Rekomendowana dla: 6 - 8 os\u00f3b\" \/>\n<meta property=\"og:url\" content=\"https:\/\/kubu-wellness.com\/en\/product\/balia-ogrodowa-delux-2\/\" \/>\n<meta property=\"og:site_name\" content=\"KUBU WELLNESS COMPANY - BALIE I SAUNY W TWOIM OGRODZIE - SKONFIGURUJ I ZAM\u00d3W\" \/>\n<meta property=\"article:modified_time\" content=\"2025-05-19T03:03:40+00:00\" \/>\n<meta property=\"og:image\" content=\"https:\/\/kubu-wellness.com\/wp-content\/uploads\/2022\/06\/5dea4db6-da42-4735-a6f0-535d218943fa-e1661723438293.jpg\" \/>\n\t<meta property=\"og:image:width\" content=\"742\" \/>\n\t<meta property=\"og:image:height\" content=\"760\" \/>\n\t<meta property=\"og:image:type\" content=\"image\/jpeg\" \/>\n<meta name=\"twitter:card\" content=\"summary_large_image\" \/>\n<script type=\"application\/ld+json\" class=\"yoast-schema-graph\">{\"@context\":\"https:\/\/schema.org\",\"@graph\":[{\"@type\":\"WebPage\",\"@id\":\"https:\/\/kubu-wellness.com\/product\/balia-ogrodowa-delux-2\/\",\"url\":\"https:\/\/kubu-wellness.com\/product\/balia-ogrodowa-delux-2\/\",\"name\":\"Balia ogrodowa Delux - KUBU WELLNESS COMPANY - BALIE I SAUNY W TWOIM OGRODZIE - SKONFIGURUJ I ZAM\u00d3W\",\"isPartOf\":{\"@id\":\"https:\/\/kubu-wellness.com\/#website\"},\"datePublished\":\"2022-06-20T21:49:55+00:00\",\"dateModified\":\"2025-05-19T03:03:40+00:00\",\"breadcrumb\":{\"@id\":\"https:\/\/kubu-wellness.com\/product\/balia-ogrodowa-delux-2\/#breadcrumb\"},\"inLanguage\":\"en-GB\",\"potentialAction\":[{\"@type\":\"ReadAction\",\"target\":[\"https:\/\/kubu-wellness.com\/product\/balia-ogrodowa-delux-2\/\"]}]},{\"@type\":\"BreadcrumbList\",\"@id\":\"https:\/\/kubu-wellness.com\/product\/balia-ogrodowa-delux-2\/#breadcrumb\",\"itemListElement\":[{\"@type\":\"ListItem\",\"position\":1,\"name\":\"Strona g\u0142\u00f3wna\",\"item\":\"https:\/\/kubu-wellness.com\/\"},{\"@type\":\"ListItem\",\"position\":2,\"name\":\"OFERTA\",\"item\":\"https:\/\/kubu-wellness.com\/shop\/\"},{\"@type\":\"ListItem\",\"position\":3,\"name\":\"Balia ogrodowa Delux\"}]},{\"@type\":\"WebSite\",\"@id\":\"https:\/\/kubu-wellness.com\/#website\",\"url\":\"https:\/\/kubu-wellness.com\/\",\"name\":\"KUBU WELLNESS COMPANY - BALIE I SAUNY W TWOIM OGRODZIE - SKONFIGURUJ I ZAM\u00d3W\",\"description\":\"Podaruj sobie odrobin\u0119 relaksu - balia i sauna ogrodowa - Twoje w\u0142asne SPA. Sprawd\u017a, skonfiguruj, i zam\u00f3w!\",\"publisher\":{\"@id\":\"https:\/\/kubu-wellness.com\/#organization\"},\"potentialAction\":[{\"@type\":\"SearchAction\",\"target\":{\"@type\":\"EntryPoint\",\"urlTemplate\":\"https:\/\/kubu-wellness.com\/?s={search_term_string}\"},\"query-input\":\"required name=search_term_string\"}],\"inLanguage\":\"en-GB\"},{\"@type\":\"Organization\",\"@id\":\"https:\/\/kubu-wellness.com\/#organization\",\"name\":\"KUBU WELLNESS COMPANY - BALIE I SAUNY W TWOIM OGRODZIE - SKONFIGURUJ I ZAM\u00d3W\",\"url\":\"https:\/\/kubu-wellness.com\/\",\"logo\":{\"@type\":\"ImageObject\",\"inLanguage\":\"en-GB\",\"@id\":\"https:\/\/kubu-wellness.com\/#\/schema\/logo\/image\/\",\"url\":\"https:\/\/kubu-wellness.com\/wp-content\/uploads\/2020\/05\/cropped-pharmacy-logo.png\",\"contentUrl\":\"https:\/\/kubu-wellness.com\/wp-content\/uploads\/2020\/05\/cropped-pharmacy-logo.png\",\"width\":325,\"height\":82,\"caption\":\"KUBU WELLNESS COMPANY - BALIE I SAUNY W TWOIM OGRODZIE - SKONFIGURUJ I ZAM\u00d3W\"},\"image\":{\"@id\":\"https:\/\/kubu-wellness.com\/#\/schema\/logo\/image\/\"}}]}<\/script>\n<!-- \/ Yoast SEO plugin. -->","yoast_head_json":{"title":"Balia ogrodowa Delux - KUBU WELLNESS COMPANY - BALIE I SAUNY W TWOIM OGRODZIE - SKONFIGURUJ I ZAM\u00d3W","robots":{"index":"index","follow":"follow","max-snippet":"max-snippet:-1","max-image-preview":"max-image-preview:large","max-video-preview":"max-video-preview:-1"},"canonical":"https:\/\/kubu-wellness.com\/en\/product\/balia-ogrodowa-delux-2\/","og_locale":"en_GB","og_type":"article","og_title":"Balia ogrodowa Delux - KUBU WELLNESS COMPANY - BALIE I SAUNY W TWOIM OGRODZIE - SKONFIGURUJ I ZAM\u00d3W","og_description":"Czas realizacji zam\u00f3wienia: od 3 do 5 tygodni  Parametry techniczne:  \u015arednica zewn\u0119trzna: 225 cm  \u015arednica wewn\u0119trzna: 204 cm  Wysoko\u015b\u0107: 106 cm  G\u0142\u0119boko\u015b\u0107: 88 cm  Szeroko\u015b\u0107 \u0142awki: 35 cm  Wysoko\u015b\u0107 \u0142awki: 27 cm  Piec (35KW) wykonany ze stali nierdzewnej 304  Komin 2m + okapnik  Pojemno\u015b\u0107 1500 - 1700 l  Czas nagrzewania wody: 2,5 - 3 godziny  Rekomendowana dla: 6 - 8 os\u00f3b","og_url":"https:\/\/kubu-wellness.com\/en\/product\/balia-ogrodowa-delux-2\/","og_site_name":"KUBU WELLNESS COMPANY - BALIE I SAUNY W TWOIM OGRODZIE - SKONFIGURUJ I ZAM\u00d3W","article_modified_time":"2025-05-19T03:03:40+00:00","og_image":[{"width":742,"height":760,"url":"https:\/\/kubu-wellness.com\/wp-content\/uploads\/2022\/06\/5dea4db6-da42-4735-a6f0-535d218943fa-e1661723438293.jpg","type":"image\/jpeg"}],"twitter_card":"summary_large_image","schema":{"@context":"https:\/\/schema.org","@graph":[{"@type":"WebPage","@id":"https:\/\/kubu-wellness.com\/product\/balia-ogrodowa-delux-2\/","url":"https:\/\/kubu-wellness.com\/product\/balia-ogrodowa-delux-2\/","name":"Balia ogrodowa Delux - KUBU WELLNESS COMPANY - BALIE I SAUNY W TWOIM OGRODZIE - SKONFIGURUJ I ZAM\u00d3W","isPartOf":{"@id":"https:\/\/kubu-wellness.com\/#website"},"datePublished":"2022-06-20T21:49:55+00:00","dateModified":"2025-05-19T03:03:40+00:00","breadcrumb":{"@id":"https:\/\/kubu-wellness.com\/product\/balia-ogrodowa-delux-2\/#breadcrumb"},"inLanguage":"en-GB","potentialAction":[{"@type":"ReadAction","target":["https:\/\/kubu-wellness.com\/product\/balia-ogrodowa-delux-2\/"]}]},{"@type":"BreadcrumbList","@id":"https:\/\/kubu-wellness.com\/product\/balia-ogrodowa-delux-2\/#breadcrumb","itemListElement":[{"@type":"ListItem","position":1,"name":"Strona g\u0142\u00f3wna","item":"https:\/\/kubu-wellness.com\/"},{"@type":"ListItem","position":2,"name":"OFERTA","item":"https:\/\/kubu-wellness.com\/shop\/"},{"@type":"ListItem","position":3,"name":"Balia ogrodowa Delux"}]},{"@type":"WebSite","@id":"https:\/\/kubu-wellness.com\/#website","url":"https:\/\/kubu-wellness.com\/","name":"KUBU WELLNESS COMPANY - BALIE I SAUNY W TWOIM OGRODZIE - SKONFIGURUJ I ZAM\u00d3W","description":"Podaruj sobie odrobin\u0119 relaksu - balia i sauna ogrodowa - Twoje w\u0142asne SPA. Sprawd\u017a, skonfiguruj, i zam\u00f3w!","publisher":{"@id":"https:\/\/kubu-wellness.com\/#organization"},"potentialAction":[{"@type":"SearchAction","target":{"@type":"EntryPoint","urlTemplate":"https:\/\/kubu-wellness.com\/?s={search_term_string}"},"query-input":"required name=search_term_string"}],"inLanguage":"en-GB"},{"@type":"Organization","@id":"https:\/\/kubu-wellness.com\/#organization","name":"KUBU WELLNESS COMPANY - BALIE I SAUNY W TWOIM OGRODZIE - SKONFIGURUJ I ZAM\u00d3W","url":"https:\/\/kubu-wellness.com\/","logo":{"@type":"ImageObject","inLanguage":"en-GB","@id":"https:\/\/kubu-wellness.com\/#\/schema\/logo\/image\/","url":"https:\/\/kubu-wellness.com\/wp-content\/uploads\/2020\/05\/cropped-pharmacy-logo.png","contentUrl":"https:\/\/kubu-wellness.com\/wp-content\/uploads\/2020\/05\/cropped-pharmacy-logo.png","width":325,"height":82,"caption":"KUBU WELLNESS COMPANY - BALIE I SAUNY W TWOIM OGRODZIE - SKONFIGURUJ I ZAM\u00d3W"},"image":{"@id":"https:\/\/kubu-wellness.com\/#\/schema\/logo\/image\/"}}]}},"_links":{"self":[{"href":"https:\/\/kubu-wellness.com\/en\/wp-json\/wp\/v2\/product\/1042"}],"collection":[{"href":"https:\/\/kubu-wellness.com\/en\/wp-json\/wp\/v2\/product"}],"about":[{"href":"https:\/\/kubu-wellness.com\/en\/wp-json\/wp\/v2\/types\/product"}],"replies":[{"embeddable":true,"href":"https:\/\/kubu-wellness.com\/en\/wp-json\/wp\/v2\/comments?post=1042"}],"wp:featuredmedia":[{"embeddable":true,"href":"https:\/\/kubu-wellness.com\/en\/wp-json\/wp\/v2\/media\/1043"}],"wp:attachment":[{"href":"https:\/\/kubu-wellness.com\/en\/wp-json\/wp\/v2\/media?parent=1042"}],"wp:term":[{"taxonomy":"product_cat","embeddable":true,"href":"https:\/\/kubu-wellness.com\/en\/wp-json\/wp\/v2\/product_cat?post=1042"},{"taxonomy":"product_tag","embeddable":true,"href":"https:\/\/kubu-wellness.com\/en\/wp-json\/wp\/v2\/product_tag?post=1042"}],"curies":[{"name":"wp","href":"https:\/\/api.w.org\/{rel}","templated":true}]}}