{"id":2250,"date":"2023-06-19T16:13:17","date_gmt":"2023-06-19T14:13:17","guid":{"rendered":"https:\/\/kubu-wellness.com\/?post_type=product&#038;p=2250"},"modified":"2025-05-19T09:23:33","modified_gmt":"2025-05-19T07:23:33","slug":"akrylowa-balia-kwadratowa-z-piecem-zewnetrznym-2","status":"publish","type":"product","link":"https:\/\/kubu-wellness.com\/en\/product\/akrylowa-balia-kwadratowa-z-piecem-zewnetrznym-2\/","title":{"rendered":"Quattro with external heater"},"content":{"rendered":"","protected":false},"excerpt":{"rendered":"<p><strong>Delivery time:<\/strong> from 3 to 5 weeks<\/p>","protected":false},"featured_media":2441,"comment_status":"open","ping_status":"closed","template":"","meta":{"neve_meta_sidebar":"","neve_meta_container":"","neve_meta_enable_content_width":"off","neve_meta_content_width":100,"neve_meta_title_alignment":"","neve_meta_author_avatar":"","neve_post_elements_order":"","neve_meta_disable_header":"","neve_meta_disable_footer":"","neve_meta_disable_title":"","neve_meta_reading_time":"","_ti_tpc_template_sync":false,"_ti_tpc_template_id":""},"product_cat":[127],"product_tag":[115,116,120,114,121,117,118,119],"yoast_head":"<!-- This site is optimized with the Yoast SEO plugin v19.10 - https:\/\/yoast.com\/wordpress\/plugins\/seo\/ -->\n<title>Akrylowa balia kwadratowa z piecem zewn\u0119trznym - KUBU WELLNESS COMPANY - BALIE I SAUNY W TWOIM OGRODZIE - SKONFIGURUJ I ZAM\u00d3W<\/title>\n<meta name=\"robots\" content=\"index, follow, max-snippet:-1, max-image-preview:large, max-video-preview:-1\" \/>\n<link rel=\"canonical\" href=\"https:\/\/kubu-wellness.com\/en\/product\/akrylowa-balia-kwadratowa-z-piecem-zewnetrznym-2\/\" \/>\n<meta property=\"og:locale\" content=\"en_GB\" \/>\n<meta property=\"og:type\" content=\"article\" \/>\n<meta property=\"og:title\" content=\"Akrylowa balia kwadratowa z piecem zewn\u0119trznym - KUBU WELLNESS COMPANY - BALIE I SAUNY W TWOIM OGRODZIE - SKONFIGURUJ I ZAM\u00d3W\" \/>\n<meta property=\"og:description\" content=\"Czas realizacji zam\u00f3wienia: od 3 do 5 tygodni\" \/>\n<meta property=\"og:url\" content=\"https:\/\/kubu-wellness.com\/en\/product\/akrylowa-balia-kwadratowa-z-piecem-zewnetrznym-2\/\" \/>\n<meta property=\"og:site_name\" content=\"KUBU WELLNESS COMPANY - BALIE I SAUNY W TWOIM OGRODZIE - SKONFIGURUJ I ZAM\u00d3W\" \/>\n<meta property=\"article:modified_time\" content=\"2025-05-19T07:23:33+00:00\" \/>\n<meta property=\"og:image\" content=\"https:\/\/kubu-wellness.com\/wp-content\/uploads\/2023\/06\/Kwadrat_isor_PIECE-26_30-pack4_300x300.png\" \/>\n\t<meta property=\"og:image:width\" content=\"300\" \/>\n\t<meta property=\"og:image:height\" content=\"300\" \/>\n\t<meta property=\"og:image:type\" content=\"image\/png\" \/>\n<meta name=\"twitter:card\" content=\"summary_large_image\" \/>\n<script type=\"application\/ld+json\" class=\"yoast-schema-graph\">{\"@context\":\"https:\/\/schema.org\",\"@graph\":[{\"@type\":\"WebPage\",\"@id\":\"https:\/\/kubu-wellness.com\/product\/akrylowa-balia-kwadratowa-z-piecem-zewnetrznym-2\/\",\"url\":\"https:\/\/kubu-wellness.com\/product\/akrylowa-balia-kwadratowa-z-piecem-zewnetrznym-2\/\",\"name\":\"Akrylowa balia kwadratowa z piecem zewn\u0119trznym - KUBU WELLNESS COMPANY - BALIE I SAUNY W TWOIM OGRODZIE - SKONFIGURUJ I ZAM\u00d3W\",\"isPartOf\":{\"@id\":\"https:\/\/kubu-wellness.com\/#website\"},\"datePublished\":\"2023-06-19T14:13:17+00:00\",\"dateModified\":\"2025-05-19T07:23:33+00:00\",\"breadcrumb\":{\"@id\":\"https:\/\/kubu-wellness.com\/product\/akrylowa-balia-kwadratowa-z-piecem-zewnetrznym-2\/#breadcrumb\"},\"inLanguage\":\"en-GB\",\"potentialAction\":[{\"@type\":\"ReadAction\",\"target\":[\"https:\/\/kubu-wellness.com\/product\/akrylowa-balia-kwadratowa-z-piecem-zewnetrznym-2\/\"]}]},{\"@type\":\"BreadcrumbList\",\"@id\":\"https:\/\/kubu-wellness.com\/product\/akrylowa-balia-kwadratowa-z-piecem-zewnetrznym-2\/#breadcrumb\",\"itemListElement\":[{\"@type\":\"ListItem\",\"position\":1,\"name\":\"Strona g\u0142\u00f3wna\",\"item\":\"https:\/\/kubu-wellness.com\/\"},{\"@type\":\"ListItem\",\"position\":2,\"name\":\"OFERTA\",\"item\":\"https:\/\/kubu-wellness.com\/shop\/\"},{\"@type\":\"ListItem\",\"position\":3,\"name\":\"Akrylowa balia kwadratowa z piecem zewn\u0119trznym\"}]},{\"@type\":\"WebSite\",\"@id\":\"https:\/\/kubu-wellness.com\/#website\",\"url\":\"https:\/\/kubu-wellness.com\/\",\"name\":\"KUBU WELLNESS COMPANY - BALIE I SAUNY W TWOIM OGRODZIE - SKONFIGURUJ I ZAM\u00d3W\",\"description\":\"Podaruj sobie odrobin\u0119 relaksu - balia i sauna ogrodowa - Twoje w\u0142asne SPA. Sprawd\u017a, skonfiguruj, i zam\u00f3w!\",\"publisher\":{\"@id\":\"https:\/\/kubu-wellness.com\/#organization\"},\"potentialAction\":[{\"@type\":\"SearchAction\",\"target\":{\"@type\":\"EntryPoint\",\"urlTemplate\":\"https:\/\/kubu-wellness.com\/?s={search_term_string}\"},\"query-input\":\"required name=search_term_string\"}],\"inLanguage\":\"en-GB\"},{\"@type\":\"Organization\",\"@id\":\"https:\/\/kubu-wellness.com\/#organization\",\"name\":\"KUBU WELLNESS COMPANY - BALIE I SAUNY W TWOIM OGRODZIE - SKONFIGURUJ I ZAM\u00d3W\",\"url\":\"https:\/\/kubu-wellness.com\/\",\"logo\":{\"@type\":\"ImageObject\",\"inLanguage\":\"en-GB\",\"@id\":\"https:\/\/kubu-wellness.com\/#\/schema\/logo\/image\/\",\"url\":\"https:\/\/kubu-wellness.com\/wp-content\/uploads\/2020\/05\/cropped-pharmacy-logo.png\",\"contentUrl\":\"https:\/\/kubu-wellness.com\/wp-content\/uploads\/2020\/05\/cropped-pharmacy-logo.png\",\"width\":325,\"height\":82,\"caption\":\"KUBU WELLNESS COMPANY - BALIE I SAUNY W TWOIM OGRODZIE - SKONFIGURUJ I ZAM\u00d3W\"},\"image\":{\"@id\":\"https:\/\/kubu-wellness.com\/#\/schema\/logo\/image\/\"}}]}<\/script>\n<!-- \/ Yoast SEO plugin. -->","yoast_head_json":{"title":"Akrylowa balia kwadratowa z piecem zewn\u0119trznym - KUBU WELLNESS COMPANY - BALIE I SAUNY W TWOIM OGRODZIE - SKONFIGURUJ I ZAM\u00d3W","robots":{"index":"index","follow":"follow","max-snippet":"max-snippet:-1","max-image-preview":"max-image-preview:large","max-video-preview":"max-video-preview:-1"},"canonical":"https:\/\/kubu-wellness.com\/en\/product\/akrylowa-balia-kwadratowa-z-piecem-zewnetrznym-2\/","og_locale":"en_GB","og_type":"article","og_title":"Akrylowa balia kwadratowa z piecem zewn\u0119trznym - KUBU WELLNESS COMPANY - BALIE I SAUNY W TWOIM OGRODZIE - SKONFIGURUJ I ZAM\u00d3W","og_description":"Czas realizacji zam\u00f3wienia: od 3 do 5 tygodni","og_url":"https:\/\/kubu-wellness.com\/en\/product\/akrylowa-balia-kwadratowa-z-piecem-zewnetrznym-2\/","og_site_name":"KUBU WELLNESS COMPANY - BALIE I SAUNY W TWOIM OGRODZIE - SKONFIGURUJ I ZAM\u00d3W","article_modified_time":"2025-05-19T07:23:33+00:00","og_image":[{"width":300,"height":300,"url":"https:\/\/kubu-wellness.com\/wp-content\/uploads\/2023\/06\/Kwadrat_isor_PIECE-26_30-pack4_300x300.png","type":"image\/png"}],"twitter_card":"summary_large_image","schema":{"@context":"https:\/\/schema.org","@graph":[{"@type":"WebPage","@id":"https:\/\/kubu-wellness.com\/product\/akrylowa-balia-kwadratowa-z-piecem-zewnetrznym-2\/","url":"https:\/\/kubu-wellness.com\/product\/akrylowa-balia-kwadratowa-z-piecem-zewnetrznym-2\/","name":"Akrylowa balia kwadratowa z piecem zewn\u0119trznym - KUBU WELLNESS COMPANY - BALIE I SAUNY W TWOIM OGRODZIE - SKONFIGURUJ I ZAM\u00d3W","isPartOf":{"@id":"https:\/\/kubu-wellness.com\/#website"},"datePublished":"2023-06-19T14:13:17+00:00","dateModified":"2025-05-19T07:23:33+00:00","breadcrumb":{"@id":"https:\/\/kubu-wellness.com\/product\/akrylowa-balia-kwadratowa-z-piecem-zewnetrznym-2\/#breadcrumb"},"inLanguage":"en-GB","potentialAction":[{"@type":"ReadAction","target":["https:\/\/kubu-wellness.com\/product\/akrylowa-balia-kwadratowa-z-piecem-zewnetrznym-2\/"]}]},{"@type":"BreadcrumbList","@id":"https:\/\/kubu-wellness.com\/product\/akrylowa-balia-kwadratowa-z-piecem-zewnetrznym-2\/#breadcrumb","itemListElement":[{"@type":"ListItem","position":1,"name":"Strona g\u0142\u00f3wna","item":"https:\/\/kubu-wellness.com\/"},{"@type":"ListItem","position":2,"name":"OFERTA","item":"https:\/\/kubu-wellness.com\/shop\/"},{"@type":"ListItem","position":3,"name":"Akrylowa balia kwadratowa z piecem zewn\u0119trznym"}]},{"@type":"WebSite","@id":"https:\/\/kubu-wellness.com\/#website","url":"https:\/\/kubu-wellness.com\/","name":"KUBU WELLNESS COMPANY - BALIE I SAUNY W TWOIM OGRODZIE - SKONFIGURUJ I ZAM\u00d3W","description":"Podaruj sobie odrobin\u0119 relaksu - balia i sauna ogrodowa - Twoje w\u0142asne SPA. Sprawd\u017a, skonfiguruj, i zam\u00f3w!","publisher":{"@id":"https:\/\/kubu-wellness.com\/#organization"},"potentialAction":[{"@type":"SearchAction","target":{"@type":"EntryPoint","urlTemplate":"https:\/\/kubu-wellness.com\/?s={search_term_string}"},"query-input":"required name=search_term_string"}],"inLanguage":"en-GB"},{"@type":"Organization","@id":"https:\/\/kubu-wellness.com\/#organization","name":"KUBU WELLNESS COMPANY - BALIE I SAUNY W TWOIM OGRODZIE - SKONFIGURUJ I ZAM\u00d3W","url":"https:\/\/kubu-wellness.com\/","logo":{"@type":"ImageObject","inLanguage":"en-GB","@id":"https:\/\/kubu-wellness.com\/#\/schema\/logo\/image\/","url":"https:\/\/kubu-wellness.com\/wp-content\/uploads\/2020\/05\/cropped-pharmacy-logo.png","contentUrl":"https:\/\/kubu-wellness.com\/wp-content\/uploads\/2020\/05\/cropped-pharmacy-logo.png","width":325,"height":82,"caption":"KUBU WELLNESS COMPANY - BALIE I SAUNY W TWOIM OGRODZIE - SKONFIGURUJ I ZAM\u00d3W"},"image":{"@id":"https:\/\/kubu-wellness.com\/#\/schema\/logo\/image\/"}}]}},"_links":{"self":[{"href":"https:\/\/kubu-wellness.com\/en\/wp-json\/wp\/v2\/product\/2250"}],"collection":[{"href":"https:\/\/kubu-wellness.com\/en\/wp-json\/wp\/v2\/product"}],"about":[{"href":"https:\/\/kubu-wellness.com\/en\/wp-json\/wp\/v2\/types\/product"}],"replies":[{"embeddable":true,"href":"https:\/\/kubu-wellness.com\/en\/wp-json\/wp\/v2\/comments?post=2250"}],"wp:featuredmedia":[{"embeddable":true,"href":"https:\/\/kubu-wellness.com\/en\/wp-json\/wp\/v2\/media\/2441"}],"wp:attachment":[{"href":"https:\/\/kubu-wellness.com\/en\/wp-json\/wp\/v2\/media?parent=2250"}],"wp:term":[{"taxonomy":"product_cat","embeddable":true,"href":"https:\/\/kubu-wellness.com\/en\/wp-json\/wp\/v2\/product_cat?post=2250"},{"taxonomy":"product_tag","embeddable":true,"href":"https:\/\/kubu-wellness.com\/en\/wp-json\/wp\/v2\/product_tag?post=2250"}],"curies":[{"name":"wp","href":"https:\/\/api.w.org\/{rel}","templated":true}]}}